{"id":72,"date":"2017-06-15T10:27:36","date_gmt":"2017-06-15T10:27:36","guid":{"rendered":"http:\/\/insachenhaut.de\/?page_id=72"},"modified":"2020-11-12T14:35:20","modified_gmt":"2020-11-12T14:35:20","slug":"haarentfernung-ipl","status":"publish","type":"page","link":"https:\/\/insachenhaut.de\/home\/haarentfernung-ipl\/","title":{"rendered":"Haarentfernung-IPL"},"content":{"rendered":"\t\t<div data-elementor-type=\"wp-page\" data-elementor-id=\"72\" class=\"elementor elementor-72\">\n\t\t\t\t\t\t\t\t\t<section class=\"elementor-section elementor-top-section elementor-element elementor-element-esdafiy elementor-section-boxed elementor-section-height-default elementor-section-height-default\" data-id=\"esdafiy\" data-element_type=\"section\">\n\t\t\t\t\t\t<div class=\"elementor-container elementor-column-gap-default\">\n\t\t\t\t\t<div class=\"elementor-column elementor-col-100 elementor-top-column elementor-element elementor-element-kdzwucw\" data-id=\"kdzwucw\" data-element_type=\"column\">\n\t\t\t<div class=\"elementor-widget-wrap elementor-element-populated\">\n\t\t\t\t\t\t\t\t<div class=\"elementor-element elementor-element-koiajbb elementor-widget elementor-widget-text-editor\" data-id=\"koiajbb\" data-element_type=\"widget\" data-widget_type=\"text-editor.default\">\n\t\t\t\t<div class=\"elementor-widget-container\">\n\t\t\t\t\t\t\tHaarentfernung &#8211; IPL\r\n<div>Mit Hilfe von Pulslicht lassen sich st\u00f6rende Haare auf sanfte Weise f\u00fcr immer entfernen, ob an den Beinen, Achseln, Bikinizone oder im Gesicht.<\/div>\r\n<div>\u00a0\u00a0\u00a0\u00a0\u00a0\u00a0\u00a0\u00a0\u00a0\u00a0\u00a0\u00a0\u00a0\u00a0\u00a0\u00a0\u00a0\u00a0\u00a0\u00a0\u00a0\u00a0\u00a0\u00a0\u00a0\u00a0\u00a0\u00a0\u00a0\u00a0\u00a0\u00a0\u00a0\u00a0\u00a0\u00a0\u00a0\u00a0\u00a0\u00a0\u00a0\u00a0\u00a0\u00a0\u00a0\u00a0\u00a0\u00a0\u00a0\u00a0\u00a0\u00a0\u00a0\u00a0\u00a0\u00a0\u00a0\u00a0\u00a0\u00a0\u00a0\u00a0\u00a0\u00a0\u00a0\u00a0\u00a0\u00a0\u00a0\u00a0\u00a0\u00a0\u00a0\u00a0\u00a0\u00a0\u00a0\u00a0\u00a0\u00a0\u00a0\u00a0\u00a0\u00a0\u00a0\u00a0\u00a0\u00a0\u00a0\u00a0\u00a0\u00a0\u00a0\u00a0\u00a0\u00a0\u00a0\u00a0\u00a0\u00a0\u00a0\u00a0\u00a0\u00a0\u00a0\u00a0\u00a0\u00a0\u00a0\u00a0\u00a0\u00a0\u00a0\u00a0\u00a0\u00a0\u00a0\u00a0\u00a0\u00a0\u00a0\u00a0\u00a0\u00a0\u00a0\u00a0\u00a0\u00a0\u00a0\u00a0\u00a0\u00a0\u00a0\u00a0\u00a0\u00a0\u00a0\u00a0\u00a0\u00a0\u00a0\u00a0\u00a0\u00a0\u00a0 ab 40,&#8211; \u20ac<\/div>\r\n<div><\/div>\r\n<div><\/div>\r\n<div><strong>Wie funktioniert die dauerhafte Haarentfernung mit Minisilk ?<\/strong><\/div>\r\n<div><\/div>\r\n<div>Intensives gepulstes Licht wird selektiv vom dunklen Haarpigment (Melanin) in der Haarwurzel absorbiert. Die Lichtenergie wird dabei in W\u00e4rme umgewandelt. So wird die Haarwurzel erhitzt und schlie\u00dflich vom K\u00f6rper aufgel\u00f6st. Haare wachsen in Zyklen, ein Teil der Haare ruht, w\u00e4chrend der andere Teil sich in der Wachstumsphase befindet.<\/div>\r\n<div>Bei einer Sitzung werden durch Photoepilation nur die Haare entfernt, die sich gerade in der Wachstumsphase befinden.\u00a0 Die Haare sind deshalb dauerhaft entfernt, weil Stemmzellen der Haarwurzel zerst\u00f6rt werden und dadurch kein Haarwachstum m\u00f6glich ist.<\/div>\r\n<div><\/div>\r\n<table border=\"0\" width=\"100%\" cellspacing=\"0\" cellpadding=\"0\">\r\n<tbody>\r\n<tr>\r\n<td><\/td>\r\n<\/tr>\r\n<\/tbody>\r\n<\/table>\r\n<div><\/div>\r\n<div>Das Ergebnis der Behandlung h\u00e4ngt von Hauttyp,Haarfarbe und Haardicke ab.<\/div>\r\n<div>Die besten Ergebnisse lassen sichi bei dicken,dunklen Haaren und heller Haut erzielen<\/div>\r\n<div>Um alle Haare dauerhaft zu entfernen sind in der Regel 4 bis 6 Sitzungen notwendig.<\/div>\r\n<div><\/div>\r\n<div>\r\n<table border=\"0\" width=\"100%\" cellspacing=\"0\" cellpadding=\"0\">\r\n<tbody>\r\n<tr>\r\n<td><img decoding=\"async\" id=\"31304566\" class=\"aligncenter\" title=\"\" src=\"http:\/\/hautpflege-studio.de\/mediapool\/63\/637378\/resources\/31304566.jpg\" alt=\"\" width=\"203\" height=\"166\" border=\"0\" hspace=\"0\" vspace=\"0\" \/><\/td>\r\n<td><img decoding=\"async\" id=\"31304605\" class=\"aligncenter\" title=\"\" src=\"http:\/\/hautpflege-studio.de\/mediapool\/63\/637378\/resources\/31304605.jpg\" alt=\"\" width=\"133\" height=\"170\" border=\"0\" hspace=\"0\" vspace=\"0\" \/><\/td>\r\n<\/tr>\r\n<\/tbody>\r\n<\/table>\r\n<\/div>\t\t\t\t\t\t<\/div>\n\t\t\t\t<\/div>\n\t\t\t\t\t<\/div>\n\t\t<\/div>\n\t\t\t\t\t\t\t<\/div>\n\t\t<\/section>\n\t\t\t\t<section class=\"elementor-section elementor-top-section elementor-element elementor-element-g30iofj elementor-section-boxed elementor-section-height-default elementor-section-height-default\" data-id=\"g30iofj\" data-element_type=\"section\">\n\t\t\t\t\t\t<div class=\"elementor-container elementor-column-gap-default\">\n\t\t\t\t\t<div class=\"elementor-column elementor-col-100 elementor-top-column elementor-element elementor-element-6e1c1zn\" data-id=\"6e1c1zn\" data-element_type=\"column\">\n\t\t\t<div class=\"elementor-widget-wrap elementor-element-populated\">\n\t\t\t\t\t\t\t\t<div class=\"elementor-element elementor-element-kn1yjt7 elementor-widget elementor-widget-image\" data-id=\"kn1yjt7\" data-element_type=\"widget\" data-widget_type=\"image.default\">\n\t\t\t\t<div class=\"elementor-widget-container\">\n\t\t\t\t\t\t\t\t\t\t\t\t\t\t\t<img fetchpriority=\"high\" decoding=\"async\" width=\"300\" height=\"200\" src=\"https:\/\/insachenhaut.de\/wp-content\/uploads\/2017\/08\/100_7109-1-300x200.jpg\" class=\"attachment-medium size-medium wp-image-224\" alt=\"\" srcset=\"https:\/\/insachenhaut.de\/wp-content\/uploads\/2017\/08\/100_7109-1-300x200.jpg 300w, https:\/\/insachenhaut.de\/wp-content\/uploads\/2017\/08\/100_7109-1-scaled-600x400.jpg 600w, https:\/\/insachenhaut.de\/wp-content\/uploads\/2017\/08\/100_7109-1-768x512.jpg 768w, https:\/\/insachenhaut.de\/wp-content\/uploads\/2017\/08\/100_7109-1-1024x683.jpg 1024w\" sizes=\"100vw\" \/>\t\t\t\t\t\t\t\t\t\t\t\t\t\t\t<\/div>\n\t\t\t\t<\/div>\n\t\t\t\t\t<\/div>\n\t\t<\/div>\n\t\t\t\t\t\t\t<\/div>\n\t\t<\/section>\n\t\t\t\t<section class=\"elementor-section elementor-top-section elementor-element elementor-element-l16hbi3 elementor-section-boxed elementor-section-height-default elementor-section-height-default\" data-id=\"l16hbi3\" data-element_type=\"section\">\n\t\t\t\t\t\t<div class=\"elementor-container elementor-column-gap-default\">\n\t\t\t\t\t<div class=\"elementor-column elementor-col-100 elementor-top-column elementor-element elementor-element-w5njqg6\" data-id=\"w5njqg6\" data-element_type=\"column\">\n\t\t\t<div class=\"elementor-widget-wrap elementor-element-populated\">\n\t\t\t\t\t\t\t\t<div class=\"elementor-element elementor-element-qn0jgd1 elementor-widget elementor-widget-image\" data-id=\"qn0jgd1\" data-element_type=\"widget\" data-widget_type=\"image.default\">\n\t\t\t\t<div class=\"elementor-widget-container\">\n\t\t\t\t\t\t\t\t\t\t\t\t\t\t\t<img loading=\"lazy\" decoding=\"async\" width=\"300\" height=\"200\" src=\"https:\/\/insachenhaut.de\/wp-content\/uploads\/2017\/08\/100_7130-300x200.jpg\" class=\"attachment-medium size-medium wp-image-226\" alt=\"\" srcset=\"https:\/\/insachenhaut.de\/wp-content\/uploads\/2017\/08\/100_7130-300x200.jpg 300w, https:\/\/insachenhaut.de\/wp-content\/uploads\/2017\/08\/100_7130-scaled-600x400.jpg 600w, https:\/\/insachenhaut.de\/wp-content\/uploads\/2017\/08\/100_7130-768x512.jpg 768w, https:\/\/insachenhaut.de\/wp-content\/uploads\/2017\/08\/100_7130-1024x683.jpg 1024w\" sizes=\"100vw\" \/>\t\t\t\t\t\t\t\t\t\t\t\t\t\t\t<\/div>\n\t\t\t\t<\/div>\n\t\t\t\t\t<\/div>\n\t\t<\/div>\n\t\t\t\t\t\t\t<\/div>\n\t\t<\/section>\n\t\t\t\t\t\t\t<\/div>\n\t\t","protected":false},"excerpt":{"rendered":"<p>Haarentfernung &#8211; IPL Mit Hilfe von Pulslicht lassen sich st\u00f6rende Haare auf sanfte Weise f\u00fcr immer entfernen, ob an den Beinen, Achseln, Bikinizone oder im Gesicht. \u00a0\u00a0\u00a0\u00a0\u00a0\u00a0\u00a0\u00a0\u00a0\u00a0\u00a0\u00a0\u00a0\u00a0\u00a0\u00a0\u00a0\u00a0\u00a0\u00a0\u00a0\u00a0\u00a0\u00a0\u00a0\u00a0\u00a0\u00a0\u00a0\u00a0\u00a0\u00a0\u00a0\u00a0\u00a0\u00a0\u00a0\u00a0\u00a0\u00a0\u00a0\u00a0\u00a0\u00a0\u00a0\u00a0\u00a0\u00a0\u00a0\u00a0\u00a0\u00a0\u00a0\u00a0\u00a0\u00a0\u00a0\u00a0\u00a0\u00a0\u00a0\u00a0\u00a0\u00a0\u00a0\u00a0\u00a0\u00a0\u00a0\u00a0\u00a0\u00a0\u00a0\u00a0\u00a0\u00a0\u00a0\u00a0\u00a0\u00a0\u00a0\u00a0\u00a0\u00a0\u00a0\u00a0\u00a0\u00a0\u00a0\u00a0\u00a0\u00a0\u00a0\u00a0\u00a0\u00a0\u00a0\u00a0\u00a0\u00a0\u00a0\u00a0\u00a0\u00a0\u00a0\u00a0\u00a0\u00a0\u00a0\u00a0\u00a0\u00a0\u00a0\u00a0\u00a0\u00a0\u00a0\u00a0\u00a0\u00a0\u00a0\u00a0\u00a0\u00a0\u00a0\u00a0\u00a0\u00a0\u00a0\u00a0\u00a0\u00a0\u00a0\u00a0\u00a0\u00a0\u00a0\u00a0\u00a0\u00a0\u00a0\u00a0\u00a0\u00a0\u00a0 ab 40,&#8211; \u20ac Wie funktioniert die dauerhafte Haarentfernung mit Minisilk ? Intensives gepulstes Licht wird selektiv vom dunklen Haarpigment (Melanin) in der Haarwurzel absorbiert. Die Lichtenergie wird dabei &hellip; <\/p>\n<p class=\"link-more\"><a href=\"https:\/\/insachenhaut.de\/home\/haarentfernung-ipl\/\" class=\"more-link\"><span class=\"screen-reader-text\">\u201eHaarentfernung-IPL\u201c<\/span> weiterlesen<\/a><\/p>\n","protected":false},"author":1,"featured_media":0,"parent":0,"menu_order":0,"comment_status":"closed","ping_status":"closed","template":"","meta":{"ngg_post_thumbnail":0,"footnotes":""},"class_list":["post-72","page","type-page","status-publish","hentry"],"yoast_head":"<!-- This site is optimized with the Yoast SEO plugin v21.9.1 - https:\/\/yoast.com\/wordpress\/plugins\/seo\/ -->\n<title>Haarentfernung-IPL - Insachenhaut.de<\/title>\n<meta name=\"robots\" content=\"index, follow, max-snippet:-1, max-image-preview:large, max-video-preview:-1\" \/>\n<link rel=\"canonical\" href=\"https:\/\/insachenhaut.de\/home\/haarentfernung-ipl\/\" \/>\n<meta property=\"og:locale\" content=\"de_DE\" \/>\n<meta property=\"og:type\" content=\"article\" \/>\n<meta property=\"og:title\" content=\"Haarentfernung-IPL - Insachenhaut.de\" \/>\n<meta property=\"og:description\" content=\"Haarentfernung &#8211; IPL Mit Hilfe von Pulslicht lassen sich st\u00f6rende Haare auf sanfte Weise f\u00fcr immer entfernen, ob an den Beinen, Achseln, Bikinizone oder im Gesicht. \u00a0\u00a0\u00a0\u00a0\u00a0\u00a0\u00a0\u00a0\u00a0\u00a0\u00a0\u00a0\u00a0\u00a0\u00a0\u00a0\u00a0\u00a0\u00a0\u00a0\u00a0\u00a0\u00a0\u00a0\u00a0\u00a0\u00a0\u00a0\u00a0\u00a0\u00a0\u00a0\u00a0\u00a0\u00a0\u00a0\u00a0\u00a0\u00a0\u00a0\u00a0\u00a0\u00a0\u00a0\u00a0\u00a0\u00a0\u00a0\u00a0\u00a0\u00a0\u00a0\u00a0\u00a0\u00a0\u00a0\u00a0\u00a0\u00a0\u00a0\u00a0\u00a0\u00a0\u00a0\u00a0\u00a0\u00a0\u00a0\u00a0\u00a0\u00a0\u00a0\u00a0\u00a0\u00a0\u00a0\u00a0\u00a0\u00a0\u00a0\u00a0\u00a0\u00a0\u00a0\u00a0\u00a0\u00a0\u00a0\u00a0\u00a0\u00a0\u00a0\u00a0\u00a0\u00a0\u00a0\u00a0\u00a0\u00a0\u00a0\u00a0\u00a0\u00a0\u00a0\u00a0\u00a0\u00a0\u00a0\u00a0\u00a0\u00a0\u00a0\u00a0\u00a0\u00a0\u00a0\u00a0\u00a0\u00a0\u00a0\u00a0\u00a0\u00a0\u00a0\u00a0\u00a0\u00a0\u00a0\u00a0\u00a0\u00a0\u00a0\u00a0\u00a0\u00a0\u00a0\u00a0\u00a0\u00a0\u00a0\u00a0\u00a0\u00a0\u00a0\u00a0 ab 40,&#8211; \u20ac Wie funktioniert die dauerhafte Haarentfernung mit Minisilk ? Intensives gepulstes Licht wird selektiv vom dunklen Haarpigment (Melanin) in der Haarwurzel absorbiert. Die Lichtenergie wird dabei &hellip; \u201eHaarentfernung-IPL\u201c weiterlesen\" \/>\n<meta property=\"og:url\" content=\"https:\/\/insachenhaut.de\/home\/haarentfernung-ipl\/\" \/>\n<meta property=\"og:site_name\" content=\"Insachenhaut.de\" \/>\n<meta property=\"article:modified_time\" content=\"2020-11-12T14:35:20+00:00\" \/>\n<meta property=\"og:image\" content=\"http:\/\/hautpflege-studio.de\/mediapool\/63\/637378\/resources\/31304566.jpg\" \/>\n<meta name=\"twitter:card\" content=\"summary_large_image\" \/>\n<meta name=\"twitter:label1\" content=\"Gesch\u00e4tzte Lesezeit\" \/>\n\t<meta name=\"twitter:data1\" content=\"1\u00a0Minute\" \/>\n<script type=\"application\/ld+json\" class=\"yoast-schema-graph\">{\"@context\":\"https:\/\/schema.org\",\"@graph\":[{\"@type\":\"WebPage\",\"@id\":\"https:\/\/insachenhaut.de\/home\/haarentfernung-ipl\/\",\"url\":\"https:\/\/insachenhaut.de\/home\/haarentfernung-ipl\/\",\"name\":\"Haarentfernung-IPL - Insachenhaut.de\",\"isPartOf\":{\"@id\":\"https:\/\/insachenhaut.de\/home\/#website\"},\"datePublished\":\"2017-06-15T10:27:36+00:00\",\"dateModified\":\"2020-11-12T14:35:20+00:00\",\"breadcrumb\":{\"@id\":\"https:\/\/insachenhaut.de\/home\/haarentfernung-ipl\/#breadcrumb\"},\"inLanguage\":\"de\",\"potentialAction\":[{\"@type\":\"ReadAction\",\"target\":[\"https:\/\/insachenhaut.de\/home\/haarentfernung-ipl\/\"]}]},{\"@type\":\"BreadcrumbList\",\"@id\":\"https:\/\/insachenhaut.de\/home\/haarentfernung-ipl\/#breadcrumb\",\"itemListElement\":[{\"@type\":\"ListItem\",\"position\":1,\"name\":\"Startseite\",\"item\":\"https:\/\/insachenhaut.de\/home\/\"},{\"@type\":\"ListItem\",\"position\":2,\"name\":\"Haarentfernung-IPL\"}]},{\"@type\":\"WebSite\",\"@id\":\"https:\/\/insachenhaut.de\/home\/#website\",\"url\":\"https:\/\/insachenhaut.de\/home\/\",\"name\":\"In-Sachen-Haut\",\"description\":\"K\u00f6rperpflege Gesichtspflege,-behandlung Hautpflege\",\"publisher\":{\"@id\":\"https:\/\/insachenhaut.de\/home\/#\/schema\/person\/a54e376041ba27256e94d9d15e106c16\"},\"potentialAction\":[{\"@type\":\"SearchAction\",\"target\":{\"@type\":\"EntryPoint\",\"urlTemplate\":\"https:\/\/insachenhaut.de\/home\/?s={search_term_string}\"},\"query-input\":\"required name=search_term_string\"}],\"inLanguage\":\"de\"},{\"@type\":[\"Person\",\"Organization\"],\"@id\":\"https:\/\/insachenhaut.de\/home\/#\/schema\/person\/a54e376041ba27256e94d9d15e106c16\",\"name\":\"peret\",\"image\":{\"@type\":\"ImageObject\",\"inLanguage\":\"de\",\"@id\":\"https:\/\/insachenhaut.de\/home\/#\/schema\/person\/image\/\",\"url\":\"https:\/\/secure.gravatar.com\/avatar\/0ba560741629e263aaef9c6d131cfb92af65dd3c8a49f31d39b790c32fffeb23?s=96&d=mm&r=g\",\"contentUrl\":\"https:\/\/secure.gravatar.com\/avatar\/0ba560741629e263aaef9c6d131cfb92af65dd3c8a49f31d39b790c32fffeb23?s=96&d=mm&r=g\",\"caption\":\"peret\"},\"logo\":{\"@id\":\"https:\/\/insachenhaut.de\/home\/#\/schema\/person\/image\/\"}}]}<\/script>\n<!-- \/ Yoast SEO plugin. -->","yoast_head_json":{"title":"Haarentfernung-IPL - Insachenhaut.de","robots":{"index":"index","follow":"follow","max-snippet":"max-snippet:-1","max-image-preview":"max-image-preview:large","max-video-preview":"max-video-preview:-1"},"canonical":"https:\/\/insachenhaut.de\/home\/haarentfernung-ipl\/","og_locale":"de_DE","og_type":"article","og_title":"Haarentfernung-IPL - Insachenhaut.de","og_description":"Haarentfernung &#8211; IPL Mit Hilfe von Pulslicht lassen sich st\u00f6rende Haare auf sanfte Weise f\u00fcr immer entfernen, ob an den Beinen, Achseln, Bikinizone oder im Gesicht. \u00a0\u00a0\u00a0\u00a0\u00a0\u00a0\u00a0\u00a0\u00a0\u00a0\u00a0\u00a0\u00a0\u00a0\u00a0\u00a0\u00a0\u00a0\u00a0\u00a0\u00a0\u00a0\u00a0\u00a0\u00a0\u00a0\u00a0\u00a0\u00a0\u00a0\u00a0\u00a0\u00a0\u00a0\u00a0\u00a0\u00a0\u00a0\u00a0\u00a0\u00a0\u00a0\u00a0\u00a0\u00a0\u00a0\u00a0\u00a0\u00a0\u00a0\u00a0\u00a0\u00a0\u00a0\u00a0\u00a0\u00a0\u00a0\u00a0\u00a0\u00a0\u00a0\u00a0\u00a0\u00a0\u00a0\u00a0\u00a0\u00a0\u00a0\u00a0\u00a0\u00a0\u00a0\u00a0\u00a0\u00a0\u00a0\u00a0\u00a0\u00a0\u00a0\u00a0\u00a0\u00a0\u00a0\u00a0\u00a0\u00a0\u00a0\u00a0\u00a0\u00a0\u00a0\u00a0\u00a0\u00a0\u00a0\u00a0\u00a0\u00a0\u00a0\u00a0\u00a0\u00a0\u00a0\u00a0\u00a0\u00a0\u00a0\u00a0\u00a0\u00a0\u00a0\u00a0\u00a0\u00a0\u00a0\u00a0\u00a0\u00a0\u00a0\u00a0\u00a0\u00a0\u00a0\u00a0\u00a0\u00a0\u00a0\u00a0\u00a0\u00a0\u00a0\u00a0\u00a0\u00a0\u00a0\u00a0\u00a0\u00a0\u00a0\u00a0\u00a0\u00a0 ab 40,&#8211; \u20ac Wie funktioniert die dauerhafte Haarentfernung mit Minisilk ? Intensives gepulstes Licht wird selektiv vom dunklen Haarpigment (Melanin) in der Haarwurzel absorbiert. Die Lichtenergie wird dabei &hellip; \u201eHaarentfernung-IPL\u201c weiterlesen","og_url":"https:\/\/insachenhaut.de\/home\/haarentfernung-ipl\/","og_site_name":"Insachenhaut.de","article_modified_time":"2020-11-12T14:35:20+00:00","og_image":[{"url":"http:\/\/hautpflege-studio.de\/mediapool\/63\/637378\/resources\/31304566.jpg"}],"twitter_card":"summary_large_image","twitter_misc":{"Gesch\u00e4tzte Lesezeit":"1\u00a0Minute"},"schema":{"@context":"https:\/\/schema.org","@graph":[{"@type":"WebPage","@id":"https:\/\/insachenhaut.de\/home\/haarentfernung-ipl\/","url":"https:\/\/insachenhaut.de\/home\/haarentfernung-ipl\/","name":"Haarentfernung-IPL - Insachenhaut.de","isPartOf":{"@id":"https:\/\/insachenhaut.de\/home\/#website"},"datePublished":"2017-06-15T10:27:36+00:00","dateModified":"2020-11-12T14:35:20+00:00","breadcrumb":{"@id":"https:\/\/insachenhaut.de\/home\/haarentfernung-ipl\/#breadcrumb"},"inLanguage":"de","potentialAction":[{"@type":"ReadAction","target":["https:\/\/insachenhaut.de\/home\/haarentfernung-ipl\/"]}]},{"@type":"BreadcrumbList","@id":"https:\/\/insachenhaut.de\/home\/haarentfernung-ipl\/#breadcrumb","itemListElement":[{"@type":"ListItem","position":1,"name":"Startseite","item":"https:\/\/insachenhaut.de\/home\/"},{"@type":"ListItem","position":2,"name":"Haarentfernung-IPL"}]},{"@type":"WebSite","@id":"https:\/\/insachenhaut.de\/home\/#website","url":"https:\/\/insachenhaut.de\/home\/","name":"In-Sachen-Haut","description":"K\u00f6rperpflege Gesichtspflege,-behandlung Hautpflege","publisher":{"@id":"https:\/\/insachenhaut.de\/home\/#\/schema\/person\/a54e376041ba27256e94d9d15e106c16"},"potentialAction":[{"@type":"SearchAction","target":{"@type":"EntryPoint","urlTemplate":"https:\/\/insachenhaut.de\/home\/?s={search_term_string}"},"query-input":"required name=search_term_string"}],"inLanguage":"de"},{"@type":["Person","Organization"],"@id":"https:\/\/insachenhaut.de\/home\/#\/schema\/person\/a54e376041ba27256e94d9d15e106c16","name":"peret","image":{"@type":"ImageObject","inLanguage":"de","@id":"https:\/\/insachenhaut.de\/home\/#\/schema\/person\/image\/","url":"https:\/\/secure.gravatar.com\/avatar\/0ba560741629e263aaef9c6d131cfb92af65dd3c8a49f31d39b790c32fffeb23?s=96&d=mm&r=g","contentUrl":"https:\/\/secure.gravatar.com\/avatar\/0ba560741629e263aaef9c6d131cfb92af65dd3c8a49f31d39b790c32fffeb23?s=96&d=mm&r=g","caption":"peret"},"logo":{"@id":"https:\/\/insachenhaut.de\/home\/#\/schema\/person\/image\/"}}]}},"_links":{"self":[{"href":"https:\/\/insachenhaut.de\/home\/wp-json\/wp\/v2\/pages\/72","targetHints":{"allow":["GET"]}}],"collection":[{"href":"https:\/\/insachenhaut.de\/home\/wp-json\/wp\/v2\/pages"}],"about":[{"href":"https:\/\/insachenhaut.de\/home\/wp-json\/wp\/v2\/types\/page"}],"author":[{"embeddable":true,"href":"https:\/\/insachenhaut.de\/home\/wp-json\/wp\/v2\/users\/1"}],"replies":[{"embeddable":true,"href":"https:\/\/insachenhaut.de\/home\/wp-json\/wp\/v2\/comments?post=72"}],"version-history":[{"count":6,"href":"https:\/\/insachenhaut.de\/home\/wp-json\/wp\/v2\/pages\/72\/revisions"}],"predecessor-version":[{"id":1440,"href":"https:\/\/insachenhaut.de\/home\/wp-json\/wp\/v2\/pages\/72\/revisions\/1440"}],"wp:attachment":[{"href":"https:\/\/insachenhaut.de\/home\/wp-json\/wp\/v2\/media?parent=72"}],"curies":[{"name":"wp","href":"https:\/\/api.w.org\/{rel}","templated":true}]}}