{"id":63,"date":"2017-06-15T10:25:04","date_gmt":"2017-06-15T10:25:04","guid":{"rendered":"http:\/\/insachenhaut.de\/?page_id=63"},"modified":"2023-03-01T13:05:16","modified_gmt":"2023-03-01T13:05:16","slug":"microneedling","status":"publish","type":"page","link":"https:\/\/insachenhaut.de\/home\/microneedling\/","title":{"rendered":"Microneedling"},"content":{"rendered":"\t\t<div data-elementor-type=\"wp-page\" data-elementor-id=\"63\" class=\"elementor elementor-63\">\n\t\t\t\t\t\t\t\t\t<section class=\"elementor-section elementor-top-section elementor-element elementor-element-7510e37f elementor-section-boxed elementor-section-height-default elementor-section-height-default\" data-id=\"7510e37f\" data-element_type=\"section\">\n\t\t\t\t\t\t<div class=\"elementor-container elementor-column-gap-default\">\n\t\t\t\t\t<div class=\"elementor-column elementor-col-100 elementor-top-column elementor-element elementor-element-3759e552\" data-id=\"3759e552\" data-element_type=\"column\">\n\t\t\t<div class=\"elementor-widget-wrap elementor-element-populated\">\n\t\t\t\t\t\t\t\t<div class=\"elementor-element elementor-element-446bc5d2 elementor-widget elementor-widget-text-editor\" data-id=\"446bc5d2\" data-element_type=\"widget\" data-widget_type=\"text-editor.default\">\n\t\t\t\t<div class=\"elementor-widget-container\">\n\t\t\t\t\t\t\t\t\t\t\t\t\t<\/div>\n\t\t\t\t<\/div>\n\t\t\t\t<div class=\"elementor-element elementor-element-9765ccb elementor-widget elementor-widget-text-editor\" data-id=\"9765ccb\" data-element_type=\"widget\" data-widget_type=\"text-editor.default\">\n\t\t\t\t<div class=\"elementor-widget-container\">\n\t\t\t\t\t\t\t<p>Microneedling ist ein etabliertes und hoch effektives kosmetisches Verfahren zur Hautregenaration und Verj\u00fcngung. Bei der Behandlung werden der Haut durch Handst\u00fccke mit chirurgischen Nadelaufs\u00e4tzen pr\u00e4zise Mikroverletzungen zugef\u00fchrt. Idealerweise liegt die Eindringtiefe bei maximal 0,5 mm. Die kontrollierten Verletzungen f\u00fchren zur Aktivierung einer Wundheilungskaskade, die zu einer Aussch\u00fcttung von vielf\u00e4ltigen Wachstumsfaktoren f\u00fchrt. Diese sind f\u00fcr eine Vielzahl an Prozessen in der Haut essenziell.<\/p><p>Resultat ist u.a. die gesteigerte Kollagen- und Elastinsynthese sowie die Hyalurons\u00e4ureproduktion.<\/p><p>Generell ist die Behandlung gut vertr\u00e4glich. G\u00e4ngige Nebenwirkung k\u00f6nnen Schmerzen w\u00e4hrend der Behandlung oder Hautr\u00f6tungen- und Irritationen sowie milde \u00d6deme sein. F\u00fcr sichtbare und anhaltende Effekte ist das Microneedling als Kur von vier bis sechs Behandlungen im Abstand von 14 Tagen empfehlenswert.<\/p><p>Die geschaffenen Mikrokan\u00e4le f\u00f6rdern die Penetration von aktiven Wirkstoffen bis tief in die Haut. Hierzu z\u00e4hlen je nach Hautzustand und Behandlungsziel vor allem Hyalurons\u00e4ure, Vitamin C und A.<\/p><p>Die Preise:<\/p><p>Microneedling:\u00a0\u00a0 Gesicht\u00a0\u00a0\u00a0\u00a0\u00a0\u00a0\u00a0\u00a0\u00a0\u00a0\u00a0\u00a0\u00a0\u00a0\u00a0\u00a0\u00a0\u00a0\u00a0\u00a0\u00a0\u00a0\u00a0\u00a0\u00a0\u00a0 99,- \u20ac<\/p><p>Gesicht\/Hals\/Dekollete&#8217; \u00a0 \u00a0 \u00a0 \u00a0 \u00a0 \u00a0 \u00a0 \u00a0 \u00a0 \u00a0 \u00a0 \u00a0\u00a0 139,- \u20ac<\/p><p><img fetchpriority=\"high\" decoding=\"async\" class=\"alignnone size-medium wp-image-2354\" src=\"https:\/\/insachenhaut.de\/wp-content\/uploads\/2023\/03\/IMG-20230211-WA0001-225x300.jpg\" alt=\"\" width=\"225\" height=\"300\" srcset=\"https:\/\/insachenhaut.de\/wp-content\/uploads\/2023\/03\/IMG-20230211-WA0001-225x300.jpg 225w, https:\/\/insachenhaut.de\/wp-content\/uploads\/2023\/03\/IMG-20230211-WA0001.jpg 768w\" sizes=\"(max-width: 225px) 100vw, 225px\" \/><img decoding=\"async\" class=\"alignnone size-medium wp-image-2353\" src=\"https:\/\/insachenhaut.de\/wp-content\/uploads\/2023\/03\/IMG-20230209-WA0000-225x300.jpg\" alt=\"\" width=\"225\" height=\"300\" srcset=\"https:\/\/insachenhaut.de\/wp-content\/uploads\/2023\/03\/IMG-20230209-WA0000-225x300.jpg 225w, https:\/\/insachenhaut.de\/wp-content\/uploads\/2023\/03\/IMG-20230209-WA0000.jpg 768w\" sizes=\"(max-width: 225px) 100vw, 225px\" \/><\/p>\t\t\t\t\t\t<\/div>\n\t\t\t\t<\/div>\n\t\t\t\t\t<\/div>\n\t\t<\/div>\n\t\t\t\t\t\t\t<\/div>\n\t\t<\/section>\n\t\t\t\t<section class=\"elementor-section elementor-top-section elementor-element elementor-element-fff8638 elementor-section-boxed elementor-section-height-default elementor-section-height-default\" data-id=\"fff8638\" data-element_type=\"section\">\n\t\t\t\t\t\t<div class=\"elementor-container elementor-column-gap-default\">\n\t\t\t\t\t<div class=\"elementor-column elementor-col-50 elementor-top-column elementor-element elementor-element-f1fde8c\" data-id=\"f1fde8c\" data-element_type=\"column\">\n\t\t\t<div class=\"elementor-widget-wrap elementor-element-populated\">\n\t\t\t\t\t\t\t\t<div class=\"elementor-element elementor-element-e259c55 elementor-widget elementor-widget-image\" data-id=\"e259c55\" data-element_type=\"widget\" data-widget_type=\"image.default\">\n\t\t\t\t<div class=\"elementor-widget-container\">\n\t\t\t\t\t\t\t\t\t\t\t\t\t\t\t<img decoding=\"async\" width=\"525\" height=\"349\" src=\"https:\/\/insachenhaut.de\/wp-content\/uploads\/2017\/06\/5960302_l-1024x681.jpg\" class=\"attachment-large size-large wp-image-29\" alt=\"\" srcset=\"https:\/\/insachenhaut.de\/wp-content\/uploads\/2017\/06\/5960302_l-1024x681.jpg 1024w, https:\/\/insachenhaut.de\/wp-content\/uploads\/2017\/06\/5960302_l-e1497524932463-600x399.jpg 600w, https:\/\/insachenhaut.de\/wp-content\/uploads\/2017\/06\/5960302_l-300x200.jpg 300w, https:\/\/insachenhaut.de\/wp-content\/uploads\/2017\/06\/5960302_l-768x511.jpg 768w, https:\/\/insachenhaut.de\/wp-content\/uploads\/2017\/06\/5960302_l-e1497524932463.jpg 2000w\" sizes=\"100vw\" \/>\t\t\t\t\t\t\t\t\t\t\t\t\t\t\t<\/div>\n\t\t\t\t<\/div>\n\t\t\t\t\t<\/div>\n\t\t<\/div>\n\t\t\t\t<div class=\"elementor-column elementor-col-50 elementor-top-column elementor-element elementor-element-29abb8a\" data-id=\"29abb8a\" data-element_type=\"column\">\n\t\t\t<div class=\"elementor-widget-wrap\">\n\t\t\t\t\t\t\t\t\t<\/div>\n\t\t<\/div>\n\t\t\t\t\t\t\t<\/div>\n\t\t<\/section>\n\t\t\t\t\t\t\t<\/div>\n\t\t","protected":false},"excerpt":{"rendered":"<p>Microneedling ist ein etabliertes und hoch effektives kosmetisches Verfahren zur Hautregenaration und Verj\u00fcngung. Bei der Behandlung werden der Haut durch Handst\u00fccke mit chirurgischen Nadelaufs\u00e4tzen pr\u00e4zise Mikroverletzungen zugef\u00fchrt. Idealerweise liegt die Eindringtiefe bei maximal 0,5 mm. Die kontrollierten Verletzungen f\u00fchren zur Aktivierung einer Wundheilungskaskade, die zu einer Aussch\u00fcttung von vielf\u00e4ltigen Wachstumsfaktoren f\u00fchrt. Diese sind f\u00fcr eine &hellip; <\/p>\n<p class=\"link-more\"><a href=\"https:\/\/insachenhaut.de\/home\/microneedling\/\" class=\"more-link\"><span class=\"screen-reader-text\">\u201eMicroneedling\u201c<\/span> weiterlesen<\/a><\/p>\n","protected":false},"author":1,"featured_media":0,"parent":0,"menu_order":0,"comment_status":"closed","ping_status":"closed","template":"","meta":{"ngg_post_thumbnail":0,"footnotes":""},"class_list":["post-63","page","type-page","status-publish","hentry"],"yoast_head":"<!-- This site is optimized with the Yoast SEO plugin v21.9.1 - https:\/\/yoast.com\/wordpress\/plugins\/seo\/ -->\n<title>Microneedling - Insachenhaut.de<\/title>\n<meta name=\"description\" content=\"Microneedling\" \/>\n<meta name=\"robots\" content=\"index, follow, max-snippet:-1, max-image-preview:large, max-video-preview:-1\" \/>\n<link rel=\"canonical\" href=\"https:\/\/insachenhaut.de\/home\/microneedling\/\" \/>\n<meta property=\"og:locale\" content=\"de_DE\" \/>\n<meta property=\"og:type\" content=\"article\" \/>\n<meta property=\"og:title\" content=\"Microneedling - Insachenhaut.de\" \/>\n<meta property=\"og:description\" content=\"Microneedling\" \/>\n<meta property=\"og:url\" content=\"https:\/\/insachenhaut.de\/home\/microneedling\/\" \/>\n<meta property=\"og:site_name\" content=\"Insachenhaut.de\" \/>\n<meta property=\"article:modified_time\" content=\"2023-03-01T13:05:16+00:00\" \/>\n<meta property=\"og:image\" content=\"https:\/\/insachenhaut.de\/wp-content\/uploads\/2023\/03\/IMG-20230211-WA0001-225x300.jpg\" \/>\n<meta name=\"twitter:card\" content=\"summary_large_image\" \/>\n<meta name=\"twitter:label1\" content=\"Gesch\u00e4tzte Lesezeit\" \/>\n\t<meta name=\"twitter:data1\" content=\"2\u00a0Minuten\" \/>\n<script type=\"application\/ld+json\" class=\"yoast-schema-graph\">{\"@context\":\"https:\/\/schema.org\",\"@graph\":[{\"@type\":\"WebPage\",\"@id\":\"https:\/\/insachenhaut.de\/home\/microneedling\/\",\"url\":\"https:\/\/insachenhaut.de\/home\/microneedling\/\",\"name\":\"Microneedling - Insachenhaut.de\",\"isPartOf\":{\"@id\":\"https:\/\/insachenhaut.de\/home\/#website\"},\"datePublished\":\"2017-06-15T10:25:04+00:00\",\"dateModified\":\"2023-03-01T13:05:16+00:00\",\"description\":\"Microneedling\",\"breadcrumb\":{\"@id\":\"https:\/\/insachenhaut.de\/home\/microneedling\/#breadcrumb\"},\"inLanguage\":\"de\",\"potentialAction\":[{\"@type\":\"ReadAction\",\"target\":[\"https:\/\/insachenhaut.de\/home\/microneedling\/\"]}]},{\"@type\":\"BreadcrumbList\",\"@id\":\"https:\/\/insachenhaut.de\/home\/microneedling\/#breadcrumb\",\"itemListElement\":[{\"@type\":\"ListItem\",\"position\":1,\"name\":\"Startseite\",\"item\":\"https:\/\/insachenhaut.de\/home\/\"},{\"@type\":\"ListItem\",\"position\":2,\"name\":\"Microneedling\"}]},{\"@type\":\"WebSite\",\"@id\":\"https:\/\/insachenhaut.de\/home\/#website\",\"url\":\"https:\/\/insachenhaut.de\/home\/\",\"name\":\"In-Sachen-Haut\",\"description\":\"K\u00f6rperpflege Gesichtspflege,-behandlung Hautpflege\",\"publisher\":{\"@id\":\"https:\/\/insachenhaut.de\/home\/#\/schema\/person\/a54e376041ba27256e94d9d15e106c16\"},\"potentialAction\":[{\"@type\":\"SearchAction\",\"target\":{\"@type\":\"EntryPoint\",\"urlTemplate\":\"https:\/\/insachenhaut.de\/home\/?s={search_term_string}\"},\"query-input\":\"required name=search_term_string\"}],\"inLanguage\":\"de\"},{\"@type\":[\"Person\",\"Organization\"],\"@id\":\"https:\/\/insachenhaut.de\/home\/#\/schema\/person\/a54e376041ba27256e94d9d15e106c16\",\"name\":\"peret\",\"image\":{\"@type\":\"ImageObject\",\"inLanguage\":\"de\",\"@id\":\"https:\/\/insachenhaut.de\/home\/#\/schema\/person\/image\/\",\"url\":\"https:\/\/secure.gravatar.com\/avatar\/0ba560741629e263aaef9c6d131cfb92af65dd3c8a49f31d39b790c32fffeb23?s=96&d=mm&r=g\",\"contentUrl\":\"https:\/\/secure.gravatar.com\/avatar\/0ba560741629e263aaef9c6d131cfb92af65dd3c8a49f31d39b790c32fffeb23?s=96&d=mm&r=g\",\"caption\":\"peret\"},\"logo\":{\"@id\":\"https:\/\/insachenhaut.de\/home\/#\/schema\/person\/image\/\"}}]}<\/script>\n<!-- \/ Yoast SEO plugin. -->","yoast_head_json":{"title":"Microneedling - Insachenhaut.de","description":"Microneedling","robots":{"index":"index","follow":"follow","max-snippet":"max-snippet:-1","max-image-preview":"max-image-preview:large","max-video-preview":"max-video-preview:-1"},"canonical":"https:\/\/insachenhaut.de\/home\/microneedling\/","og_locale":"de_DE","og_type":"article","og_title":"Microneedling - Insachenhaut.de","og_description":"Microneedling","og_url":"https:\/\/insachenhaut.de\/home\/microneedling\/","og_site_name":"Insachenhaut.de","article_modified_time":"2023-03-01T13:05:16+00:00","og_image":[{"url":"https:\/\/insachenhaut.de\/wp-content\/uploads\/2023\/03\/IMG-20230211-WA0001-225x300.jpg"}],"twitter_card":"summary_large_image","twitter_misc":{"Gesch\u00e4tzte Lesezeit":"2\u00a0Minuten"},"schema":{"@context":"https:\/\/schema.org","@graph":[{"@type":"WebPage","@id":"https:\/\/insachenhaut.de\/home\/microneedling\/","url":"https:\/\/insachenhaut.de\/home\/microneedling\/","name":"Microneedling - Insachenhaut.de","isPartOf":{"@id":"https:\/\/insachenhaut.de\/home\/#website"},"datePublished":"2017-06-15T10:25:04+00:00","dateModified":"2023-03-01T13:05:16+00:00","description":"Microneedling","breadcrumb":{"@id":"https:\/\/insachenhaut.de\/home\/microneedling\/#breadcrumb"},"inLanguage":"de","potentialAction":[{"@type":"ReadAction","target":["https:\/\/insachenhaut.de\/home\/microneedling\/"]}]},{"@type":"BreadcrumbList","@id":"https:\/\/insachenhaut.de\/home\/microneedling\/#breadcrumb","itemListElement":[{"@type":"ListItem","position":1,"name":"Startseite","item":"https:\/\/insachenhaut.de\/home\/"},{"@type":"ListItem","position":2,"name":"Microneedling"}]},{"@type":"WebSite","@id":"https:\/\/insachenhaut.de\/home\/#website","url":"https:\/\/insachenhaut.de\/home\/","name":"In-Sachen-Haut","description":"K\u00f6rperpflege Gesichtspflege,-behandlung Hautpflege","publisher":{"@id":"https:\/\/insachenhaut.de\/home\/#\/schema\/person\/a54e376041ba27256e94d9d15e106c16"},"potentialAction":[{"@type":"SearchAction","target":{"@type":"EntryPoint","urlTemplate":"https:\/\/insachenhaut.de\/home\/?s={search_term_string}"},"query-input":"required name=search_term_string"}],"inLanguage":"de"},{"@type":["Person","Organization"],"@id":"https:\/\/insachenhaut.de\/home\/#\/schema\/person\/a54e376041ba27256e94d9d15e106c16","name":"peret","image":{"@type":"ImageObject","inLanguage":"de","@id":"https:\/\/insachenhaut.de\/home\/#\/schema\/person\/image\/","url":"https:\/\/secure.gravatar.com\/avatar\/0ba560741629e263aaef9c6d131cfb92af65dd3c8a49f31d39b790c32fffeb23?s=96&d=mm&r=g","contentUrl":"https:\/\/secure.gravatar.com\/avatar\/0ba560741629e263aaef9c6d131cfb92af65dd3c8a49f31d39b790c32fffeb23?s=96&d=mm&r=g","caption":"peret"},"logo":{"@id":"https:\/\/insachenhaut.de\/home\/#\/schema\/person\/image\/"}}]}},"_links":{"self":[{"href":"https:\/\/insachenhaut.de\/home\/wp-json\/wp\/v2\/pages\/63","targetHints":{"allow":["GET"]}}],"collection":[{"href":"https:\/\/insachenhaut.de\/home\/wp-json\/wp\/v2\/pages"}],"about":[{"href":"https:\/\/insachenhaut.de\/home\/wp-json\/wp\/v2\/types\/page"}],"author":[{"embeddable":true,"href":"https:\/\/insachenhaut.de\/home\/wp-json\/wp\/v2\/users\/1"}],"replies":[{"embeddable":true,"href":"https:\/\/insachenhaut.de\/home\/wp-json\/wp\/v2\/comments?post=63"}],"version-history":[{"count":35,"href":"https:\/\/insachenhaut.de\/home\/wp-json\/wp\/v2\/pages\/63\/revisions"}],"predecessor-version":[{"id":2366,"href":"https:\/\/insachenhaut.de\/home\/wp-json\/wp\/v2\/pages\/63\/revisions\/2366"}],"wp:attachment":[{"href":"https:\/\/insachenhaut.de\/home\/wp-json\/wp\/v2\/media?parent=63"}],"curies":[{"name":"wp","href":"https:\/\/api.w.org\/{rel}","templated":true}]}}