{"id":59,"date":"2017-06-15T10:06:25","date_gmt":"2017-06-15T10:06:25","guid":{"rendered":"http:\/\/insachenhaut.de\/?page_id=59"},"modified":"2018-10-14T09:58:55","modified_gmt":"2018-10-14T09:58:55","slug":"microdermabrasion","status":"publish","type":"page","link":"https:\/\/insachenhaut.de\/home\/microdermabrasion\/","title":{"rendered":"Microdermabrasion"},"content":{"rendered":"\t\t<div data-elementor-type=\"wp-page\" data-elementor-id=\"59\" class=\"elementor elementor-59 elementor-bc-flex-widget\">\n\t\t\t\t\t\t\t\t\t<section class=\"elementor-section elementor-top-section elementor-element elementor-element-izabytf elementor-section-boxed elementor-section-height-default elementor-section-height-default\" data-id=\"izabytf\" data-element_type=\"section\">\n\t\t\t\t\t\t<div class=\"elementor-container elementor-column-gap-default\">\n\t\t\t\t\t<div class=\"elementor-column elementor-col-100 elementor-top-column elementor-element elementor-element-frsbipt\" data-id=\"frsbipt\" data-element_type=\"column\">\n\t\t\t<div class=\"elementor-widget-wrap elementor-element-populated\">\n\t\t\t\t\t\t\t\t<div class=\"elementor-element elementor-element-jzfknno elementor-widget elementor-widget-text-editor\" data-id=\"jzfknno\" data-element_type=\"widget\" data-widget_type=\"text-editor.default\">\n\t\t\t\t<div class=\"elementor-widget-container\">\n\t\t\t\t\t\t\t<p><b>Diamant Microdermabrasion<\/b><\/p><div>Durch die mechanische Abtragung der obersten Verhornung wird die Haut angeregt, verst\u00e4rkt neue Zellen zu bilden. Die Haut sieht frischer und ebenm\u00e4\u00dfiger aus. Ideal bei Akne, Narben, gro\u00dfen Poren, Pigmentst\u00f6rungen oder<\/div><div>Faltenunterspritzung oder Permanent Make-Up<\/div><div>\u00a0<\/div><div>Bei Akne,<\/div><div>\u00a0<\/div><div>&#8211; &#8220;klassisch&#8221;\u00a0 : Reinigung,Enzympeeling, Microdermabrasion, Ausreinigung, Abschlu\u00dfpflege\u00a0\u00a0\u00a0\u00a0\u00a0\u00a0\u00a0\u00a0\u00a0\u00a0\u00a0\u00a0\u00a0\u00a0\u00a0\u00a0\u00a0\u00a0\u00a0\u00a0\u00a0\u00a0\u00a0\u00a0\u00a0\u00a0\u00a0\u00a0\u00a0\u00a0\u00a0\u00a0\u00a0\u00a0\u00a0\u00a0\u00a0\u00a0\u00a0\u00a0\u00a0\u00a0\u00a0\u00a0\u00a0\u00a0\u00a0\u00a0\u00a0\u00a0\u00a0\u00a0\u00a0\u00a0\u00a0\u00a0\u00a0\u00a0\u00a0\u00a0\u00a0\u00a0\u00a0\u00a0\u00a0\u00a0\u00a0\u00a0\u00a0\u00a0\u00a0\u00a0\u00a0\u00a0\u00a0\u00a0\u00a0\u00a0\u00a0\u00a0\u00a0\u00a0\u00a0\u00a0\u00a0\u00a0\u00a0\u00a0\u00a0\u00a0\u00a0\u00a0\u00a0\u00a0\u00a0\u00a0\u00a0\u00a0\u00a0\u00a0\u00a0\u00a0\u00a0\u00a0\u00a0\u00a0\u00a0\u00a0\u00a0\u00a0\u00a0\u00a0\u00a0\u00a0\u00a0\u00a0\u00a0\u00a0\u00a0 50,&#8211; \u20ac<\/div><div>\u00a0<\/div><div>&#8211; mit Ultraschall: Reinigung,Enzympeeling, Microdermabrasion,Ausreinigung, Ultraschall, Abschlu\u00dfpflege\u00a0\u00a0\u00a0\u00a0\u00a0\u00a0\u00a0\u00a0\u00a0\u00a0\u00a0\u00a0\u00a0\u00a0\u00a0\u00a0\u00a0\u00a0\u00a0\u00a0\u00a0\u00a0\u00a0\u00a0\u00a0\u00a0\u00a0\u00a0\u00a0\u00a0\u00a0\u00a0\u00a0\u00a0\u00a0\u00a0\u00a0\u00a0\u00a0\u00a0\u00a0\u00a0\u00a0\u00a0\u00a0\u00a0\u00a0\u00a0\u00a0\u00a0\u00a0\u00a0\u00a0\u00a0\u00a0\u00a0\u00a0\u00a0\u00a0\u00a0\u00a0\u00a0\u00a0\u00a0\u00a0\u00a0\u00a0\u00a0\u00a0\u00a0\u00a0\u00a0\u00a0\u00a0\u00a0\u00a0\u00a0\u00a0\u00a0\u00a0\u00a0\u00a0\u00a0\u00a0\u00a0\u00a0\u00a0\u00a0\u00a0\u00a0\u00a0\u00a0\u00a0 \u00a0 \u00a0 \u00a0 \u00a0 \u00a0 \u00a0 \u00a0 \u00a0 \u00a0 \u00a0 \u00a0 \u00a0 \u00a0 65,&#8211; \u20ac<\/div><div>\u00a0<\/div><div>&#8211; Intensivbehandlung: Reinigung, Enzympeeling, Microdermabrasion, Ausreinigung, Ultraschall,<\/div><div>Peel off Maske, Abschlu\u00dfpflege \u00a0 \u00a0 \u00a0 \u00a0 \u00a0 \u00a0 \u00a0 \u00a0 \u00a0 \u00a0 \u00a0 \u00a0 \u00a0 \u00a0 \u00a0 \u00a0 \u00a0 \u00a0 \u00a0\u00a0\u00a0\u00a0\u00a0\u00a0\u00a0\u00a0\u00a0\u00a0\u00a0\u00a0\u00a0\u00a0\u00a0\u00a0\u00a0\u00a0\u00a0\u00a0\u00a0\u00a0\u00a0\u00a0\u00a0\u00a0\u00a0\u00a0\u00a0\u00a0\u00a0\u00a0\u00a0\u00a0\u00a0\u00a0\u00a0\u00a0\u00a0\u00a0\u00a0\u00a0\u00a0\u00a0\u00a0\u00a0\u00a0\u00a0\u00a0\u00a0\u00a0\u00a0\u00a0\u00a0\u00a0\u00a0\u00a0\u00a0\u00a0\u00a0\u00a0\u00a0\u00a0\u00a0\u00a0\u00a0\u00a0\u00a0\u00a0\u00a0\u00a0\u00a0\u00a0\u00a0\u00a0\u00a0\u00a0\u00a0\u00a0\u00a0\u00a0\u00a0\u00a0\u00a0\u00a0\u00a0\u00a0\u00a0\u00a0\u00a0\u00a0\u00a0\u00a0\u00a0\u00a0\u00a0\u00a0\u00a0\u00a0\u00a0\u00a0\u00a0\u00a0\u00a0\u00a0\u00a0 \u00a0 \u00a0 \u00a0 \u00a0 \u00a0 \u00a0 \u00a0 \u00a0 \u00a0 \u00a0 \u00a0 \u00a0 \u00a0 \u00a0 \u00a0 \u00a0\u00a0\u00a0\u00a0\u00a0\u00a0\u00a0\u00a0\u00a0\u00a0\u00a0\u00a0\u00a0\u00a0\u00a0\u00a0 80,&#8211; \u20ac<\/div><div><p>Es ist meist erforderlich, die Behandlung ein paar Mal zu wiederholen, um das gew\u00fcnschte Ergebnis zu erreichen.<\/p><\/div>\t\t\t\t\t\t<\/div>\n\t\t\t\t<\/div>\n\t\t\t\t\t<\/div>\n\t\t<\/div>\n\t\t\t\t\t\t\t<\/div>\n\t\t<\/section>\n\t\t\t\t\t\t\t<\/div>\n\t\t","protected":false},"excerpt":{"rendered":"<p>Diamant Microdermabrasion Durch die mechanische Abtragung der obersten Verhornung wird die Haut angeregt, verst\u00e4rkt neue Zellen zu bilden. Die Haut sieht frischer und ebenm\u00e4\u00dfiger aus. Ideal bei Akne, Narben, gro\u00dfen Poren, Pigmentst\u00f6rungen oderFaltenunterspritzung oder Permanent Make-Up\u00a0Bei Akne,\u00a0&#8211; &#8220;klassisch&#8221;\u00a0 : Reinigung,Enzympeeling, Microdermabrasion, Ausreinigung, Abschlu\u00dfpflege\u00a0\u00a0\u00a0\u00a0\u00a0\u00a0\u00a0\u00a0\u00a0\u00a0\u00a0\u00a0\u00a0\u00a0\u00a0\u00a0\u00a0\u00a0\u00a0\u00a0\u00a0\u00a0\u00a0\u00a0\u00a0\u00a0\u00a0\u00a0\u00a0\u00a0\u00a0\u00a0\u00a0\u00a0\u00a0\u00a0\u00a0\u00a0\u00a0\u00a0\u00a0\u00a0\u00a0\u00a0\u00a0\u00a0\u00a0\u00a0\u00a0\u00a0\u00a0\u00a0\u00a0\u00a0\u00a0\u00a0\u00a0\u00a0\u00a0\u00a0\u00a0\u00a0\u00a0\u00a0\u00a0\u00a0\u00a0\u00a0\u00a0\u00a0\u00a0\u00a0\u00a0\u00a0\u00a0\u00a0\u00a0\u00a0\u00a0\u00a0\u00a0\u00a0\u00a0\u00a0\u00a0\u00a0\u00a0\u00a0\u00a0\u00a0\u00a0\u00a0\u00a0\u00a0\u00a0\u00a0\u00a0\u00a0\u00a0\u00a0\u00a0\u00a0\u00a0\u00a0\u00a0\u00a0\u00a0\u00a0\u00a0\u00a0\u00a0\u00a0\u00a0\u00a0\u00a0\u00a0\u00a0\u00a0\u00a0 50,&#8211; \u20ac\u00a0&#8211; mit Ultraschall: Reinigung,Enzympeeling, Microdermabrasion,Ausreinigung, Ultraschall, Abschlu\u00dfpflege\u00a0\u00a0\u00a0\u00a0\u00a0\u00a0\u00a0\u00a0\u00a0\u00a0\u00a0\u00a0\u00a0\u00a0\u00a0\u00a0\u00a0\u00a0\u00a0\u00a0\u00a0\u00a0\u00a0\u00a0\u00a0\u00a0\u00a0\u00a0\u00a0\u00a0\u00a0\u00a0\u00a0\u00a0\u00a0\u00a0\u00a0\u00a0\u00a0\u00a0\u00a0\u00a0\u00a0\u00a0\u00a0\u00a0\u00a0\u00a0\u00a0\u00a0\u00a0\u00a0\u00a0\u00a0\u00a0\u00a0\u00a0\u00a0\u00a0\u00a0\u00a0\u00a0\u00a0\u00a0\u00a0\u00a0\u00a0\u00a0\u00a0\u00a0\u00a0\u00a0\u00a0\u00a0\u00a0\u00a0\u00a0\u00a0\u00a0\u00a0\u00a0\u00a0\u00a0\u00a0\u00a0\u00a0\u00a0\u00a0\u00a0\u00a0\u00a0\u00a0\u00a0 \u00a0 \u00a0 \u00a0 \u00a0 &hellip; <\/p>\n<p class=\"link-more\"><a href=\"https:\/\/insachenhaut.de\/home\/microdermabrasion\/\" class=\"more-link\"><span class=\"screen-reader-text\">\u201eMicrodermabrasion\u201c<\/span> weiterlesen<\/a><\/p>\n","protected":false},"author":1,"featured_media":0,"parent":0,"menu_order":0,"comment_status":"closed","ping_status":"closed","template":"","meta":{"ngg_post_thumbnail":0,"footnotes":""},"class_list":["post-59","page","type-page","status-publish","hentry"],"yoast_head":"<!-- This site is optimized with the Yoast SEO plugin v21.9.1 - https:\/\/yoast.com\/wordpress\/plugins\/seo\/ -->\n<title>Microdermabrasion - Insachenhaut.de<\/title>\n<meta name=\"robots\" content=\"index, follow, max-snippet:-1, max-image-preview:large, max-video-preview:-1\" \/>\n<link rel=\"canonical\" href=\"https:\/\/insachenhaut.de\/home\/microdermabrasion\/\" \/>\n<meta property=\"og:locale\" content=\"de_DE\" \/>\n<meta property=\"og:type\" content=\"article\" \/>\n<meta property=\"og:title\" content=\"Microdermabrasion - Insachenhaut.de\" \/>\n<meta property=\"og:description\" content=\"Diamant Microdermabrasion Durch die mechanische Abtragung der obersten Verhornung wird die Haut angeregt, verst\u00e4rkt neue Zellen zu bilden. Die Haut sieht frischer und ebenm\u00e4\u00dfiger aus. Ideal bei Akne, Narben, gro\u00dfen Poren, Pigmentst\u00f6rungen oderFaltenunterspritzung oder Permanent Make-Up\u00a0Bei Akne,\u00a0&#8211; &#8220;klassisch&#8221;\u00a0 : Reinigung,Enzympeeling, Microdermabrasion, Ausreinigung, Abschlu\u00dfpflege\u00a0\u00a0\u00a0\u00a0\u00a0\u00a0\u00a0\u00a0\u00a0\u00a0\u00a0\u00a0\u00a0\u00a0\u00a0\u00a0\u00a0\u00a0\u00a0\u00a0\u00a0\u00a0\u00a0\u00a0\u00a0\u00a0\u00a0\u00a0\u00a0\u00a0\u00a0\u00a0\u00a0\u00a0\u00a0\u00a0\u00a0\u00a0\u00a0\u00a0\u00a0\u00a0\u00a0\u00a0\u00a0\u00a0\u00a0\u00a0\u00a0\u00a0\u00a0\u00a0\u00a0\u00a0\u00a0\u00a0\u00a0\u00a0\u00a0\u00a0\u00a0\u00a0\u00a0\u00a0\u00a0\u00a0\u00a0\u00a0\u00a0\u00a0\u00a0\u00a0\u00a0\u00a0\u00a0\u00a0\u00a0\u00a0\u00a0\u00a0\u00a0\u00a0\u00a0\u00a0\u00a0\u00a0\u00a0\u00a0\u00a0\u00a0\u00a0\u00a0\u00a0\u00a0\u00a0\u00a0\u00a0\u00a0\u00a0\u00a0\u00a0\u00a0\u00a0\u00a0\u00a0\u00a0\u00a0\u00a0\u00a0\u00a0\u00a0\u00a0\u00a0\u00a0\u00a0\u00a0\u00a0\u00a0\u00a0 50,&#8211; \u20ac\u00a0&#8211; mit Ultraschall: Reinigung,Enzympeeling, Microdermabrasion,Ausreinigung, Ultraschall, Abschlu\u00dfpflege\u00a0\u00a0\u00a0\u00a0\u00a0\u00a0\u00a0\u00a0\u00a0\u00a0\u00a0\u00a0\u00a0\u00a0\u00a0\u00a0\u00a0\u00a0\u00a0\u00a0\u00a0\u00a0\u00a0\u00a0\u00a0\u00a0\u00a0\u00a0\u00a0\u00a0\u00a0\u00a0\u00a0\u00a0\u00a0\u00a0\u00a0\u00a0\u00a0\u00a0\u00a0\u00a0\u00a0\u00a0\u00a0\u00a0\u00a0\u00a0\u00a0\u00a0\u00a0\u00a0\u00a0\u00a0\u00a0\u00a0\u00a0\u00a0\u00a0\u00a0\u00a0\u00a0\u00a0\u00a0\u00a0\u00a0\u00a0\u00a0\u00a0\u00a0\u00a0\u00a0\u00a0\u00a0\u00a0\u00a0\u00a0\u00a0\u00a0\u00a0\u00a0\u00a0\u00a0\u00a0\u00a0\u00a0\u00a0\u00a0\u00a0\u00a0\u00a0\u00a0\u00a0 \u00a0 \u00a0 \u00a0 \u00a0 &hellip; \u201eMicrodermabrasion\u201c weiterlesen\" \/>\n<meta property=\"og:url\" content=\"https:\/\/insachenhaut.de\/home\/microdermabrasion\/\" \/>\n<meta property=\"og:site_name\" content=\"Insachenhaut.de\" \/>\n<meta property=\"article:modified_time\" content=\"2018-10-14T09:58:55+00:00\" \/>\n<meta name=\"twitter:card\" content=\"summary_large_image\" \/>\n<script type=\"application\/ld+json\" class=\"yoast-schema-graph\">{\"@context\":\"https:\/\/schema.org\",\"@graph\":[{\"@type\":\"WebPage\",\"@id\":\"https:\/\/insachenhaut.de\/home\/microdermabrasion\/\",\"url\":\"https:\/\/insachenhaut.de\/home\/microdermabrasion\/\",\"name\":\"Microdermabrasion - Insachenhaut.de\",\"isPartOf\":{\"@id\":\"https:\/\/insachenhaut.de\/home\/#website\"},\"datePublished\":\"2017-06-15T10:06:25+00:00\",\"dateModified\":\"2018-10-14T09:58:55+00:00\",\"breadcrumb\":{\"@id\":\"https:\/\/insachenhaut.de\/home\/microdermabrasion\/#breadcrumb\"},\"inLanguage\":\"de\",\"potentialAction\":[{\"@type\":\"ReadAction\",\"target\":[\"https:\/\/insachenhaut.de\/home\/microdermabrasion\/\"]}]},{\"@type\":\"BreadcrumbList\",\"@id\":\"https:\/\/insachenhaut.de\/home\/microdermabrasion\/#breadcrumb\",\"itemListElement\":[{\"@type\":\"ListItem\",\"position\":1,\"name\":\"Startseite\",\"item\":\"https:\/\/insachenhaut.de\/home\/\"},{\"@type\":\"ListItem\",\"position\":2,\"name\":\"Microdermabrasion\"}]},{\"@type\":\"WebSite\",\"@id\":\"https:\/\/insachenhaut.de\/home\/#website\",\"url\":\"https:\/\/insachenhaut.de\/home\/\",\"name\":\"In-Sachen-Haut\",\"description\":\"K\u00f6rperpflege Gesichtspflege,-behandlung Hautpflege\",\"publisher\":{\"@id\":\"https:\/\/insachenhaut.de\/home\/#\/schema\/person\/a54e376041ba27256e94d9d15e106c16\"},\"potentialAction\":[{\"@type\":\"SearchAction\",\"target\":{\"@type\":\"EntryPoint\",\"urlTemplate\":\"https:\/\/insachenhaut.de\/home\/?s={search_term_string}\"},\"query-input\":\"required name=search_term_string\"}],\"inLanguage\":\"de\"},{\"@type\":[\"Person\",\"Organization\"],\"@id\":\"https:\/\/insachenhaut.de\/home\/#\/schema\/person\/a54e376041ba27256e94d9d15e106c16\",\"name\":\"peret\",\"image\":{\"@type\":\"ImageObject\",\"inLanguage\":\"de\",\"@id\":\"https:\/\/insachenhaut.de\/home\/#\/schema\/person\/image\/\",\"url\":\"https:\/\/secure.gravatar.com\/avatar\/0ba560741629e263aaef9c6d131cfb92af65dd3c8a49f31d39b790c32fffeb23?s=96&d=mm&r=g\",\"contentUrl\":\"https:\/\/secure.gravatar.com\/avatar\/0ba560741629e263aaef9c6d131cfb92af65dd3c8a49f31d39b790c32fffeb23?s=96&d=mm&r=g\",\"caption\":\"peret\"},\"logo\":{\"@id\":\"https:\/\/insachenhaut.de\/home\/#\/schema\/person\/image\/\"}}]}<\/script>\n<!-- \/ Yoast SEO plugin. -->","yoast_head_json":{"title":"Microdermabrasion - Insachenhaut.de","robots":{"index":"index","follow":"follow","max-snippet":"max-snippet:-1","max-image-preview":"max-image-preview:large","max-video-preview":"max-video-preview:-1"},"canonical":"https:\/\/insachenhaut.de\/home\/microdermabrasion\/","og_locale":"de_DE","og_type":"article","og_title":"Microdermabrasion - Insachenhaut.de","og_description":"Diamant Microdermabrasion Durch die mechanische Abtragung der obersten Verhornung wird die Haut angeregt, verst\u00e4rkt neue Zellen zu bilden. Die Haut sieht frischer und ebenm\u00e4\u00dfiger aus. Ideal bei Akne, Narben, gro\u00dfen Poren, Pigmentst\u00f6rungen oderFaltenunterspritzung oder Permanent Make-Up\u00a0Bei Akne,\u00a0&#8211; &#8220;klassisch&#8221;\u00a0 : Reinigung,Enzympeeling, Microdermabrasion, Ausreinigung, Abschlu\u00dfpflege\u00a0\u00a0\u00a0\u00a0\u00a0\u00a0\u00a0\u00a0\u00a0\u00a0\u00a0\u00a0\u00a0\u00a0\u00a0\u00a0\u00a0\u00a0\u00a0\u00a0\u00a0\u00a0\u00a0\u00a0\u00a0\u00a0\u00a0\u00a0\u00a0\u00a0\u00a0\u00a0\u00a0\u00a0\u00a0\u00a0\u00a0\u00a0\u00a0\u00a0\u00a0\u00a0\u00a0\u00a0\u00a0\u00a0\u00a0\u00a0\u00a0\u00a0\u00a0\u00a0\u00a0\u00a0\u00a0\u00a0\u00a0\u00a0\u00a0\u00a0\u00a0\u00a0\u00a0\u00a0\u00a0\u00a0\u00a0\u00a0\u00a0\u00a0\u00a0\u00a0\u00a0\u00a0\u00a0\u00a0\u00a0\u00a0\u00a0\u00a0\u00a0\u00a0\u00a0\u00a0\u00a0\u00a0\u00a0\u00a0\u00a0\u00a0\u00a0\u00a0\u00a0\u00a0\u00a0\u00a0\u00a0\u00a0\u00a0\u00a0\u00a0\u00a0\u00a0\u00a0\u00a0\u00a0\u00a0\u00a0\u00a0\u00a0\u00a0\u00a0\u00a0\u00a0\u00a0\u00a0\u00a0\u00a0\u00a0 50,&#8211; \u20ac\u00a0&#8211; mit Ultraschall: Reinigung,Enzympeeling, Microdermabrasion,Ausreinigung, Ultraschall, Abschlu\u00dfpflege\u00a0\u00a0\u00a0\u00a0\u00a0\u00a0\u00a0\u00a0\u00a0\u00a0\u00a0\u00a0\u00a0\u00a0\u00a0\u00a0\u00a0\u00a0\u00a0\u00a0\u00a0\u00a0\u00a0\u00a0\u00a0\u00a0\u00a0\u00a0\u00a0\u00a0\u00a0\u00a0\u00a0\u00a0\u00a0\u00a0\u00a0\u00a0\u00a0\u00a0\u00a0\u00a0\u00a0\u00a0\u00a0\u00a0\u00a0\u00a0\u00a0\u00a0\u00a0\u00a0\u00a0\u00a0\u00a0\u00a0\u00a0\u00a0\u00a0\u00a0\u00a0\u00a0\u00a0\u00a0\u00a0\u00a0\u00a0\u00a0\u00a0\u00a0\u00a0\u00a0\u00a0\u00a0\u00a0\u00a0\u00a0\u00a0\u00a0\u00a0\u00a0\u00a0\u00a0\u00a0\u00a0\u00a0\u00a0\u00a0\u00a0\u00a0\u00a0\u00a0\u00a0 \u00a0 \u00a0 \u00a0 \u00a0 &hellip; \u201eMicrodermabrasion\u201c weiterlesen","og_url":"https:\/\/insachenhaut.de\/home\/microdermabrasion\/","og_site_name":"Insachenhaut.de","article_modified_time":"2018-10-14T09:58:55+00:00","twitter_card":"summary_large_image","schema":{"@context":"https:\/\/schema.org","@graph":[{"@type":"WebPage","@id":"https:\/\/insachenhaut.de\/home\/microdermabrasion\/","url":"https:\/\/insachenhaut.de\/home\/microdermabrasion\/","name":"Microdermabrasion - Insachenhaut.de","isPartOf":{"@id":"https:\/\/insachenhaut.de\/home\/#website"},"datePublished":"2017-06-15T10:06:25+00:00","dateModified":"2018-10-14T09:58:55+00:00","breadcrumb":{"@id":"https:\/\/insachenhaut.de\/home\/microdermabrasion\/#breadcrumb"},"inLanguage":"de","potentialAction":[{"@type":"ReadAction","target":["https:\/\/insachenhaut.de\/home\/microdermabrasion\/"]}]},{"@type":"BreadcrumbList","@id":"https:\/\/insachenhaut.de\/home\/microdermabrasion\/#breadcrumb","itemListElement":[{"@type":"ListItem","position":1,"name":"Startseite","item":"https:\/\/insachenhaut.de\/home\/"},{"@type":"ListItem","position":2,"name":"Microdermabrasion"}]},{"@type":"WebSite","@id":"https:\/\/insachenhaut.de\/home\/#website","url":"https:\/\/insachenhaut.de\/home\/","name":"In-Sachen-Haut","description":"K\u00f6rperpflege Gesichtspflege,-behandlung Hautpflege","publisher":{"@id":"https:\/\/insachenhaut.de\/home\/#\/schema\/person\/a54e376041ba27256e94d9d15e106c16"},"potentialAction":[{"@type":"SearchAction","target":{"@type":"EntryPoint","urlTemplate":"https:\/\/insachenhaut.de\/home\/?s={search_term_string}"},"query-input":"required name=search_term_string"}],"inLanguage":"de"},{"@type":["Person","Organization"],"@id":"https:\/\/insachenhaut.de\/home\/#\/schema\/person\/a54e376041ba27256e94d9d15e106c16","name":"peret","image":{"@type":"ImageObject","inLanguage":"de","@id":"https:\/\/insachenhaut.de\/home\/#\/schema\/person\/image\/","url":"https:\/\/secure.gravatar.com\/avatar\/0ba560741629e263aaef9c6d131cfb92af65dd3c8a49f31d39b790c32fffeb23?s=96&d=mm&r=g","contentUrl":"https:\/\/secure.gravatar.com\/avatar\/0ba560741629e263aaef9c6d131cfb92af65dd3c8a49f31d39b790c32fffeb23?s=96&d=mm&r=g","caption":"peret"},"logo":{"@id":"https:\/\/insachenhaut.de\/home\/#\/schema\/person\/image\/"}}]}},"_links":{"self":[{"href":"https:\/\/insachenhaut.de\/home\/wp-json\/wp\/v2\/pages\/59","targetHints":{"allow":["GET"]}}],"collection":[{"href":"https:\/\/insachenhaut.de\/home\/wp-json\/wp\/v2\/pages"}],"about":[{"href":"https:\/\/insachenhaut.de\/home\/wp-json\/wp\/v2\/types\/page"}],"author":[{"embeddable":true,"href":"https:\/\/insachenhaut.de\/home\/wp-json\/wp\/v2\/users\/1"}],"replies":[{"embeddable":true,"href":"https:\/\/insachenhaut.de\/home\/wp-json\/wp\/v2\/comments?post=59"}],"version-history":[{"count":9,"href":"https:\/\/insachenhaut.de\/home\/wp-json\/wp\/v2\/pages\/59\/revisions"}],"predecessor-version":[{"id":426,"href":"https:\/\/insachenhaut.de\/home\/wp-json\/wp\/v2\/pages\/59\/revisions\/426"}],"wp:attachment":[{"href":"https:\/\/insachenhaut.de\/home\/wp-json\/wp\/v2\/media?parent=59"}],"curies":[{"name":"wp","href":"https:\/\/api.w.org\/{rel}","templated":true}]}}