{"id":1905,"date":"2021-04-27T11:13:16","date_gmt":"2021-04-27T11:13:16","guid":{"rendered":"http:\/\/insachenhaut.de\/home\/?page_id=1905"},"modified":"2021-04-27T11:23:41","modified_gmt":"2021-04-27T11:23:41","slug":"kooperationspartnerinnen","status":"publish","type":"page","link":"https:\/\/insachenhaut.de\/home\/kooperationspartnerinnen\/","title":{"rendered":"Kooperationspartner*innen"},"content":{"rendered":"\t\t<div data-elementor-type=\"wp-page\" data-elementor-id=\"1905\" class=\"elementor elementor-1905\">\n\t\t\t\t\t\t\t\t\t<section class=\"elementor-section elementor-top-section elementor-element elementor-element-830203c elementor-section-boxed elementor-section-height-default elementor-section-height-default\" data-id=\"830203c\" data-element_type=\"section\">\n\t\t\t\t\t\t<div class=\"elementor-container elementor-column-gap-default\">\n\t\t\t\t\t<div class=\"elementor-column elementor-col-100 elementor-top-column elementor-element elementor-element-6db37bf\" data-id=\"6db37bf\" data-element_type=\"column\">\n\t\t\t<div class=\"elementor-widget-wrap elementor-element-populated\">\n\t\t\t\t\t\t\t\t<div class=\"elementor-element elementor-element-477573d elementor-widget elementor-widget-text-editor\" data-id=\"477573d\" data-element_type=\"widget\" data-widget_type=\"text-editor.default\">\n\t\t\t\t<div class=\"elementor-widget-container\">\n\t\t\t\t\t\t\t<p><strong><em>&#8220;Die Natur gibt dir das Gesicht, welches du mit zwanzig hast; es liegt an dir<br \/>das Gesicht zu bestimmen,\u00a0das du mit f\u00fcnfzig hast.&#8221;<\/em><\/strong><\/p><p><strong><em>Coco Chanel<\/em><\/strong><\/p><p><strong><em>\u00c4sthetische Korrekturen<\/em><\/strong>\u00a0(Anti-Aging) liegen im Trend! Ob Faltenreduktion durch Hyaluron-Filler, minimal-invasives Fadenlifting, Lipolyse (sogen. Fett-weg-Spritze) oder Microneedling &#8211; die Remodellierung von Gesicht, Hals und anderen K\u00f6rperzonen f\u00fchrt zu nat\u00fcrlichen und sch\u00f6nen Ergebnissen. Der Volumenaufbau im Gesicht, vor allem der Lippen, nimmt an Beliebtheit zu.<\/p><p><strong>Was ist Ihr Wunsch?<\/strong><br \/><strong>\u00a0\u2022 Suchen Sie eine Alternative zu einer Sch\u00f6nheits-OP?<\/strong><br \/><strong>\u00a0\u2022\u00a0Eine Gesichts-, Hals-, Dekollet\u00e9- oder H\u00e4nde-Behandlung\u00a0f\u00fcr\u00a0ein j\u00fcngeres, frischeres Hautbild?<\/strong><br \/><strong>\u00a0\u2022 Eine Lipolyse-Behandlung (Fett-weg-Spritze) zur Reduzierung von Fettp\u00f6lsterchen?\u00a0<br \/>\u00a0\u2022 einen Wangenaufbau,\u00a0um den Verlust an Wangenvolumen\u00a0wieder auszugleichen?<br \/>\u00a0\u2022 Hautstraffung ohne Skalpell?\u00a0Faltenkorrektur und Volumenaufbau durch Fadenlifting?<\/strong><\/p><p><strong>\u200b\u200b\u200b\u200b\u200b\u200b\u00a0<\/strong><strong>Was auch immer es ist, gerne berate ich Sie pers\u00f6nlich und individuell zu M\u00f6glichkeiten, Ablauf und\u00a0Kosten.<\/strong><\/p><p>Aufgrund individueller Behandlungszeiten sind die Termine und Sprechzeiten nur nach vorheriger Absprache m\u00f6glich. Um einen Termin zu vereinbaren, kontaktieren Sie mich bitte per E-Mail unter\u00a0<a href=\"mailto:info@naturheilpraxis-mielsch.de\">info@naturheilpraxis-mielsch.de\u00a0<\/a>oder telefonisch unter der Rufnummer<strong>\u00a0<\/strong>Mobil: 0176 \/ 32 14 04 94.<\/p><p>Ich freue mich auf Ihren Anruf und Besuch hier im Kosmetikinstitut!<\/p><p>Ihre<\/p><p><strong><em>Stefanie Mielsch<\/em><\/strong> (Heilpraktikerin)<\/p>\t\t\t\t\t\t<\/div>\n\t\t\t\t<\/div>\n\t\t\t\t\t<\/div>\n\t\t<\/div>\n\t\t\t\t\t\t\t<\/div>\n\t\t<\/section>\n\t\t\t\t\t\t\t<\/div>\n\t\t","protected":false},"excerpt":{"rendered":"<p>&#8220;Die Natur gibt dir das Gesicht, welches du mit zwanzig hast; es liegt an dir das Gesicht zu bestimmen,&nbsp;das du mit f\u00fcnfzig hast.&#8221; Coco Chanel \u00c4sthetische Korrekturen&nbsp;(Anti-Aging) liegen im Trend! Ob Faltenreduktion durch Hyaluron-Filler, minimal-invasives Fadenlifting, Lipolyse (sogen. Fett-weg-Spritze) oder Microneedling &#8211; die Remodellierung von Gesicht, Hals und anderen K\u00f6rperzonen f\u00fchrt zu nat\u00fcrlichen und sch\u00f6nen &hellip; <\/p>\n<p class=\"link-more\"><a href=\"https:\/\/insachenhaut.de\/home\/kooperationspartnerinnen\/\" class=\"more-link\"><span class=\"screen-reader-text\">\u201eKooperationspartner*innen\u201c<\/span> weiterlesen<\/a><\/p>\n","protected":false},"author":1,"featured_media":0,"parent":0,"menu_order":0,"comment_status":"closed","ping_status":"closed","template":"","meta":{"ngg_post_thumbnail":0,"footnotes":""},"class_list":["post-1905","page","type-page","status-publish","hentry"],"yoast_head":"<!-- This site is optimized with the Yoast SEO plugin v21.9.1 - https:\/\/yoast.com\/wordpress\/plugins\/seo\/ -->\n<title>Kooperationspartner*innen - Insachenhaut.de<\/title>\n<meta name=\"robots\" content=\"index, follow, max-snippet:-1, max-image-preview:large, max-video-preview:-1\" \/>\n<link rel=\"canonical\" href=\"https:\/\/insachenhaut.de\/home\/kooperationspartnerinnen\/\" \/>\n<meta property=\"og:locale\" content=\"de_DE\" \/>\n<meta property=\"og:type\" content=\"article\" \/>\n<meta property=\"og:title\" content=\"Kooperationspartner*innen - Insachenhaut.de\" \/>\n<meta property=\"og:description\" content=\"&#8220;Die Natur gibt dir das Gesicht, welches du mit zwanzig hast; es liegt an dir das Gesicht zu bestimmen,&nbsp;das du mit f\u00fcnfzig hast.&#8221; Coco Chanel \u00c4sthetische Korrekturen&nbsp;(Anti-Aging) liegen im Trend! Ob Faltenreduktion durch Hyaluron-Filler, minimal-invasives Fadenlifting, Lipolyse (sogen. Fett-weg-Spritze) oder Microneedling &#8211; die Remodellierung von Gesicht, Hals und anderen K\u00f6rperzonen f\u00fchrt zu nat\u00fcrlichen und sch\u00f6nen &hellip; \u201eKooperationspartner*innen\u201c weiterlesen\" \/>\n<meta property=\"og:url\" content=\"https:\/\/insachenhaut.de\/home\/kooperationspartnerinnen\/\" \/>\n<meta property=\"og:site_name\" content=\"Insachenhaut.de\" \/>\n<meta property=\"article:modified_time\" content=\"2021-04-27T11:23:41+00:00\" \/>\n<meta name=\"twitter:card\" content=\"summary_large_image\" \/>\n<meta name=\"twitter:label1\" content=\"Gesch\u00e4tzte Lesezeit\" \/>\n\t<meta name=\"twitter:data1\" content=\"1\u00a0Minute\" \/>\n<script type=\"application\/ld+json\" class=\"yoast-schema-graph\">{\"@context\":\"https:\/\/schema.org\",\"@graph\":[{\"@type\":\"WebPage\",\"@id\":\"https:\/\/insachenhaut.de\/home\/kooperationspartnerinnen\/\",\"url\":\"https:\/\/insachenhaut.de\/home\/kooperationspartnerinnen\/\",\"name\":\"Kooperationspartner*innen - Insachenhaut.de\",\"isPartOf\":{\"@id\":\"https:\/\/insachenhaut.de\/home\/#website\"},\"datePublished\":\"2021-04-27T11:13:16+00:00\",\"dateModified\":\"2021-04-27T11:23:41+00:00\",\"breadcrumb\":{\"@id\":\"https:\/\/insachenhaut.de\/home\/kooperationspartnerinnen\/#breadcrumb\"},\"inLanguage\":\"de\",\"potentialAction\":[{\"@type\":\"ReadAction\",\"target\":[\"https:\/\/insachenhaut.de\/home\/kooperationspartnerinnen\/\"]}]},{\"@type\":\"BreadcrumbList\",\"@id\":\"https:\/\/insachenhaut.de\/home\/kooperationspartnerinnen\/#breadcrumb\",\"itemListElement\":[{\"@type\":\"ListItem\",\"position\":1,\"name\":\"Startseite\",\"item\":\"https:\/\/insachenhaut.de\/home\/\"},{\"@type\":\"ListItem\",\"position\":2,\"name\":\"Kooperationspartner*innen\"}]},{\"@type\":\"WebSite\",\"@id\":\"https:\/\/insachenhaut.de\/home\/#website\",\"url\":\"https:\/\/insachenhaut.de\/home\/\",\"name\":\"In-Sachen-Haut\",\"description\":\"K\u00f6rperpflege Gesichtspflege,-behandlung Hautpflege\",\"publisher\":{\"@id\":\"https:\/\/insachenhaut.de\/home\/#\/schema\/person\/a54e376041ba27256e94d9d15e106c16\"},\"potentialAction\":[{\"@type\":\"SearchAction\",\"target\":{\"@type\":\"EntryPoint\",\"urlTemplate\":\"https:\/\/insachenhaut.de\/home\/?s={search_term_string}\"},\"query-input\":\"required name=search_term_string\"}],\"inLanguage\":\"de\"},{\"@type\":[\"Person\",\"Organization\"],\"@id\":\"https:\/\/insachenhaut.de\/home\/#\/schema\/person\/a54e376041ba27256e94d9d15e106c16\",\"name\":\"peret\",\"image\":{\"@type\":\"ImageObject\",\"inLanguage\":\"de\",\"@id\":\"https:\/\/insachenhaut.de\/home\/#\/schema\/person\/image\/\",\"url\":\"https:\/\/secure.gravatar.com\/avatar\/0ba560741629e263aaef9c6d131cfb92af65dd3c8a49f31d39b790c32fffeb23?s=96&d=mm&r=g\",\"contentUrl\":\"https:\/\/secure.gravatar.com\/avatar\/0ba560741629e263aaef9c6d131cfb92af65dd3c8a49f31d39b790c32fffeb23?s=96&d=mm&r=g\",\"caption\":\"peret\"},\"logo\":{\"@id\":\"https:\/\/insachenhaut.de\/home\/#\/schema\/person\/image\/\"}}]}<\/script>\n<!-- \/ Yoast SEO plugin. -->","yoast_head_json":{"title":"Kooperationspartner*innen - Insachenhaut.de","robots":{"index":"index","follow":"follow","max-snippet":"max-snippet:-1","max-image-preview":"max-image-preview:large","max-video-preview":"max-video-preview:-1"},"canonical":"https:\/\/insachenhaut.de\/home\/kooperationspartnerinnen\/","og_locale":"de_DE","og_type":"article","og_title":"Kooperationspartner*innen - Insachenhaut.de","og_description":"&#8220;Die Natur gibt dir das Gesicht, welches du mit zwanzig hast; es liegt an dir das Gesicht zu bestimmen,&nbsp;das du mit f\u00fcnfzig hast.&#8221; Coco Chanel \u00c4sthetische Korrekturen&nbsp;(Anti-Aging) liegen im Trend! Ob Faltenreduktion durch Hyaluron-Filler, minimal-invasives Fadenlifting, Lipolyse (sogen. Fett-weg-Spritze) oder Microneedling &#8211; die Remodellierung von Gesicht, Hals und anderen K\u00f6rperzonen f\u00fchrt zu nat\u00fcrlichen und sch\u00f6nen &hellip; \u201eKooperationspartner*innen\u201c weiterlesen","og_url":"https:\/\/insachenhaut.de\/home\/kooperationspartnerinnen\/","og_site_name":"Insachenhaut.de","article_modified_time":"2021-04-27T11:23:41+00:00","twitter_card":"summary_large_image","twitter_misc":{"Gesch\u00e4tzte Lesezeit":"1\u00a0Minute"},"schema":{"@context":"https:\/\/schema.org","@graph":[{"@type":"WebPage","@id":"https:\/\/insachenhaut.de\/home\/kooperationspartnerinnen\/","url":"https:\/\/insachenhaut.de\/home\/kooperationspartnerinnen\/","name":"Kooperationspartner*innen - Insachenhaut.de","isPartOf":{"@id":"https:\/\/insachenhaut.de\/home\/#website"},"datePublished":"2021-04-27T11:13:16+00:00","dateModified":"2021-04-27T11:23:41+00:00","breadcrumb":{"@id":"https:\/\/insachenhaut.de\/home\/kooperationspartnerinnen\/#breadcrumb"},"inLanguage":"de","potentialAction":[{"@type":"ReadAction","target":["https:\/\/insachenhaut.de\/home\/kooperationspartnerinnen\/"]}]},{"@type":"BreadcrumbList","@id":"https:\/\/insachenhaut.de\/home\/kooperationspartnerinnen\/#breadcrumb","itemListElement":[{"@type":"ListItem","position":1,"name":"Startseite","item":"https:\/\/insachenhaut.de\/home\/"},{"@type":"ListItem","position":2,"name":"Kooperationspartner*innen"}]},{"@type":"WebSite","@id":"https:\/\/insachenhaut.de\/home\/#website","url":"https:\/\/insachenhaut.de\/home\/","name":"In-Sachen-Haut","description":"K\u00f6rperpflege Gesichtspflege,-behandlung Hautpflege","publisher":{"@id":"https:\/\/insachenhaut.de\/home\/#\/schema\/person\/a54e376041ba27256e94d9d15e106c16"},"potentialAction":[{"@type":"SearchAction","target":{"@type":"EntryPoint","urlTemplate":"https:\/\/insachenhaut.de\/home\/?s={search_term_string}"},"query-input":"required name=search_term_string"}],"inLanguage":"de"},{"@type":["Person","Organization"],"@id":"https:\/\/insachenhaut.de\/home\/#\/schema\/person\/a54e376041ba27256e94d9d15e106c16","name":"peret","image":{"@type":"ImageObject","inLanguage":"de","@id":"https:\/\/insachenhaut.de\/home\/#\/schema\/person\/image\/","url":"https:\/\/secure.gravatar.com\/avatar\/0ba560741629e263aaef9c6d131cfb92af65dd3c8a49f31d39b790c32fffeb23?s=96&d=mm&r=g","contentUrl":"https:\/\/secure.gravatar.com\/avatar\/0ba560741629e263aaef9c6d131cfb92af65dd3c8a49f31d39b790c32fffeb23?s=96&d=mm&r=g","caption":"peret"},"logo":{"@id":"https:\/\/insachenhaut.de\/home\/#\/schema\/person\/image\/"}}]}},"_links":{"self":[{"href":"https:\/\/insachenhaut.de\/home\/wp-json\/wp\/v2\/pages\/1905","targetHints":{"allow":["GET"]}}],"collection":[{"href":"https:\/\/insachenhaut.de\/home\/wp-json\/wp\/v2\/pages"}],"about":[{"href":"https:\/\/insachenhaut.de\/home\/wp-json\/wp\/v2\/types\/page"}],"author":[{"embeddable":true,"href":"https:\/\/insachenhaut.de\/home\/wp-json\/wp\/v2\/users\/1"}],"replies":[{"embeddable":true,"href":"https:\/\/insachenhaut.de\/home\/wp-json\/wp\/v2\/comments?post=1905"}],"version-history":[{"count":6,"href":"https:\/\/insachenhaut.de\/home\/wp-json\/wp\/v2\/pages\/1905\/revisions"}],"predecessor-version":[{"id":1914,"href":"https:\/\/insachenhaut.de\/home\/wp-json\/wp\/v2\/pages\/1905\/revisions\/1914"}],"wp:attachment":[{"href":"https:\/\/insachenhaut.de\/home\/wp-json\/wp\/v2\/media?parent=1905"}],"curies":[{"name":"wp","href":"https:\/\/api.w.org\/{rel}","templated":true}]}}