{"id":165,"date":"2017-07-15T06:31:04","date_gmt":"2017-07-15T06:31:04","guid":{"rendered":"http:\/\/insachenhaut.de\/?page_id=165"},"modified":"2018-09-03T08:24:07","modified_gmt":"2018-09-03T08:24:07","slug":"nadelepilation","status":"publish","type":"page","link":"https:\/\/insachenhaut.de\/home\/nadelepilation\/","title":{"rendered":"Nadelepilation\/Elektroepilation"},"content":{"rendered":"<p>&nbsp;<\/p>\n<p><strong>Nadelepilation\/Elektroepilation<\/strong><\/p>\n<p>Unter Epilation versteht man das Verfahren zur Entfernung von K\u00f6rperhaaren, wobei das Haar mitsamt der Haarwurzel entfernt wird.<\/p>\n<p>Eine Haard\u00fcnne Sonde wird in der Haarkanal eingef\u00fchrt und gibt einen schwachen Stromimpuls ab. Damit wird die Haarwurzel ver\u00f6det und das behandelte Haar kann ganz leicht herausgezogen werden. An dieser Stelle bildet sich kein neues Haar. Die durch die Behandlung entstandene&nbsp;R\u00f6tung klingt&nbsp;nach paar Tagen ab.<\/p>\n<p>Diese Methode eignet sich f\u00fcr jeden Haartyp und kann an fast allen K\u00f6rperstellen durchgef\u00fchrt werden.<\/p>\n<p>Da nicht alle Haare schon bei erster Behandlung ver\u00f6det &#8221; getroffen&#8221; werden, muss der Eingriff 2-3 Mal wiederholt werden.<\/p>\n<p><a href=\"http:\/\/insachenhaut.de\/wp-content\/uploads\/2018\/08\/Nadelepilation.docx\">Nadelepilation<\/a><\/p>\n<div style=\"width: 480px;\" class=\"wp-video\"><video class=\"wp-video-shortcode\" id=\"video-165-1\" width=\"480\" height=\"320\" preload=\"metadata\" controls=\"controls\"><source type=\"video\/mp4\" src=\"http:\/\/insachenhaut.de\/wp-content\/uploads\/2018\/08\/00076_x264.mp4?_=1\" \/><a href=\"http:\/\/insachenhaut.de\/wp-content\/uploads\/2018\/08\/00076_x264.mp4\">http:\/\/insachenhaut.de\/wp-content\/uploads\/2018\/08\/00076_x264.mp4<\/a><\/video><\/div>\n<p>Die Sonde ist steril und wird entsprechend der Haardicke, und des Haartyps&nbsp; ausgew\u00e4hlt. Je nach Patient k\u00f6nnen die Stromimpulse individuell nach Art, St\u00e4rke, Frequenz und Dauer eingestellt werden.<\/p>\n<div style=\"width: 480px;\" class=\"wp-video\"><video class=\"wp-video-shortcode\" id=\"video-165-2\" width=\"480\" height=\"320\" preload=\"metadata\" controls=\"controls\"><source type=\"video\/mp4\" src=\"http:\/\/insachenhaut.de\/wp-content\/uploads\/2018\/08\/00075_x264.mp4?_=2\" \/><a href=\"http:\/\/insachenhaut.de\/wp-content\/uploads\/2018\/08\/00075_x264.mp4\">http:\/\/insachenhaut.de\/wp-content\/uploads\/2018\/08\/00075_x264.mp4<\/a><\/video><\/div>\n<p>Unmittelbar vor der Behandlung wird die Haut gereinigt.<\/p>\n<div style=\"width: 480px;\" class=\"wp-video\"><video class=\"wp-video-shortcode\" id=\"video-165-3\" width=\"480\" height=\"320\" preload=\"metadata\" controls=\"controls\"><source type=\"video\/mp4\" src=\"http:\/\/insachenhaut.de\/wp-content\/uploads\/2018\/08\/00079_x264.mp4?_=3\" \/><a href=\"http:\/\/insachenhaut.de\/wp-content\/uploads\/2018\/08\/00079_x264.mp4\">http:\/\/insachenhaut.de\/wp-content\/uploads\/2018\/08\/00079_x264.mp4<\/a><\/video><\/div>\n<p>Durch die Aufbringung von elektrischem Strom kann die Haarwachstumszelle so gesch\u00e4digt werden, dass dauerhaft kein Haarwachstum mehr einsetzt.<\/p>\n<p>Nach jedem Einstich wird das Haar mit einer Pinzette entfernt. Deshalb sollten die Haare f\u00fcr die Behandlung eine bestimmte L\u00e4nge aufweisen. L\u00e4sst es sich ohne Widerstand entfernen, kann davon ausgegangen werden, dass der Eingriff erfolgreich war.<\/p>\n<p class=\"absatz-text\">Die Elektroepilation\/Nadelepilation wird an einer bestimmten Stelle begonnen, die frei epiliert wird. Bei jeder weiteren Behandlung werden zuerst die schon behandelten Stellen nachepiliert, um dann weiter voranzuschreiten.<\/p>\n<p>&nbsp;<\/p>\n<div style=\"width: 480px;\" class=\"wp-video\"><video class=\"wp-video-shortcode\" id=\"video-165-4\" width=\"480\" height=\"320\" preload=\"metadata\" controls=\"controls\"><source type=\"video\/mp4\" src=\"http:\/\/insachenhaut.de\/wp-content\/uploads\/2018\/08\/00081_x264.mp4?_=4\" \/><a href=\"http:\/\/insachenhaut.de\/wp-content\/uploads\/2018\/08\/00081_x264.mp4\">http:\/\/insachenhaut.de\/wp-content\/uploads\/2018\/08\/00081_x264.mp4<\/a><\/video><\/div>\n<p>Direkt nach der Behandlung wird eine beruhigende, k\u00fchlende Creme aufgetragen.<\/p>\n<p>Mindestens 48 Stunden nach der Behandlung sollte es vermieden werden, die Haut UV-Strahlen auszusetzen. Auch vom Gang in die Sauna oder ins Schwimmbad wird abgeraten. Die nachwachsenden Haare sollten weder gezupft, noch epiliert werden. Eine Rasur ist jedoch m\u00f6glich.<\/p>\n<p>Man sollte sich eine Nadelepilation oder Elektroepilation nur von seri\u00f6sem und geschultem Fachpersonal machen lassen. Diese erkennt man vor allem daran, dass sie vor der Behandlung ein ausf\u00fchrliches Gespr\u00e4ch mit einem durchf\u00fchren. Dabei wird auf m\u00f6gliche Risiken, Schmerzen sowie Behandlungserfolge hingewiesen. Zus\u00e4tzlich wird eine Haar- sowie Hautanalyse des Patienten veranlasst.<\/p>\n<p>Wir freuen uns \u00fcber Ihren n\u00e4chsten Besuch!<\/p>\n","protected":false},"excerpt":{"rendered":"<p>&nbsp; Nadelepilation\/Elektroepilation Unter Epilation versteht man das Verfahren zur Entfernung von K\u00f6rperhaaren, wobei das Haar mitsamt der Haarwurzel entfernt wird. Eine Haard\u00fcnne Sonde wird in der Haarkanal eingef\u00fchrt und gibt einen schwachen Stromimpuls ab. Damit wird die Haarwurzel ver\u00f6det und das behandelte Haar kann ganz leicht herausgezogen werden. An dieser Stelle bildet sich kein neues &hellip; <\/p>\n<p class=\"link-more\"><a href=\"https:\/\/insachenhaut.de\/home\/nadelepilation\/\" class=\"more-link\"><span class=\"screen-reader-text\">\u201eNadelepilation\/Elektroepilation\u201c<\/span> weiterlesen<\/a><\/p>\n","protected":false},"author":1,"featured_media":0,"parent":0,"menu_order":0,"comment_status":"closed","ping_status":"closed","template":"","meta":{"ngg_post_thumbnail":0,"footnotes":""},"class_list":["post-165","page","type-page","status-publish","hentry"],"yoast_head":"<!-- This site is optimized with the Yoast SEO plugin v21.9.1 - https:\/\/yoast.com\/wordpress\/plugins\/seo\/ -->\n<title>Nadelepilation\/Elektroepilation - Insachenhaut.de<\/title>\n<meta name=\"robots\" content=\"index, follow, max-snippet:-1, max-image-preview:large, max-video-preview:-1\" \/>\n<link rel=\"canonical\" href=\"https:\/\/insachenhaut.de\/home\/nadelepilation\/\" \/>\n<meta property=\"og:locale\" content=\"de_DE\" \/>\n<meta property=\"og:type\" content=\"article\" \/>\n<meta property=\"og:title\" content=\"Nadelepilation\/Elektroepilation - Insachenhaut.de\" \/>\n<meta property=\"og:description\" content=\"&nbsp; Nadelepilation\/Elektroepilation Unter Epilation versteht man das Verfahren zur Entfernung von K\u00f6rperhaaren, wobei das Haar mitsamt der Haarwurzel entfernt wird. Eine Haard\u00fcnne Sonde wird in der Haarkanal eingef\u00fchrt und gibt einen schwachen Stromimpuls ab. Damit wird die Haarwurzel ver\u00f6det und das behandelte Haar kann ganz leicht herausgezogen werden. An dieser Stelle bildet sich kein neues &hellip; \u201eNadelepilation\/Elektroepilation\u201c weiterlesen\" \/>\n<meta property=\"og:url\" content=\"https:\/\/insachenhaut.de\/home\/nadelepilation\/\" \/>\n<meta property=\"og:site_name\" content=\"Insachenhaut.de\" \/>\n<meta property=\"article:modified_time\" content=\"2018-09-03T08:24:07+00:00\" \/>\n<meta name=\"twitter:card\" content=\"summary_large_image\" \/>\n<meta name=\"twitter:label1\" content=\"Gesch\u00e4tzte Lesezeit\" \/>\n\t<meta name=\"twitter:data1\" content=\"2\u00a0Minuten\" \/>\n<script type=\"application\/ld+json\" class=\"yoast-schema-graph\">{\"@context\":\"https:\/\/schema.org\",\"@graph\":[{\"@type\":\"WebPage\",\"@id\":\"https:\/\/insachenhaut.de\/home\/nadelepilation\/\",\"url\":\"https:\/\/insachenhaut.de\/home\/nadelepilation\/\",\"name\":\"Nadelepilation\/Elektroepilation - Insachenhaut.de\",\"isPartOf\":{\"@id\":\"https:\/\/insachenhaut.de\/home\/#website\"},\"datePublished\":\"2017-07-15T06:31:04+00:00\",\"dateModified\":\"2018-09-03T08:24:07+00:00\",\"breadcrumb\":{\"@id\":\"https:\/\/insachenhaut.de\/home\/nadelepilation\/#breadcrumb\"},\"inLanguage\":\"de\",\"potentialAction\":[{\"@type\":\"ReadAction\",\"target\":[\"https:\/\/insachenhaut.de\/home\/nadelepilation\/\"]}]},{\"@type\":\"BreadcrumbList\",\"@id\":\"https:\/\/insachenhaut.de\/home\/nadelepilation\/#breadcrumb\",\"itemListElement\":[{\"@type\":\"ListItem\",\"position\":1,\"name\":\"Startseite\",\"item\":\"https:\/\/insachenhaut.de\/home\/\"},{\"@type\":\"ListItem\",\"position\":2,\"name\":\"Nadelepilation\/Elektroepilation\"}]},{\"@type\":\"WebSite\",\"@id\":\"https:\/\/insachenhaut.de\/home\/#website\",\"url\":\"https:\/\/insachenhaut.de\/home\/\",\"name\":\"In-Sachen-Haut\",\"description\":\"K\u00f6rperpflege Gesichtspflege,-behandlung Hautpflege\",\"publisher\":{\"@id\":\"https:\/\/insachenhaut.de\/home\/#\/schema\/person\/a54e376041ba27256e94d9d15e106c16\"},\"potentialAction\":[{\"@type\":\"SearchAction\",\"target\":{\"@type\":\"EntryPoint\",\"urlTemplate\":\"https:\/\/insachenhaut.de\/home\/?s={search_term_string}\"},\"query-input\":\"required name=search_term_string\"}],\"inLanguage\":\"de\"},{\"@type\":[\"Person\",\"Organization\"],\"@id\":\"https:\/\/insachenhaut.de\/home\/#\/schema\/person\/a54e376041ba27256e94d9d15e106c16\",\"name\":\"peret\",\"image\":{\"@type\":\"ImageObject\",\"inLanguage\":\"de\",\"@id\":\"https:\/\/insachenhaut.de\/home\/#\/schema\/person\/image\/\",\"url\":\"https:\/\/secure.gravatar.com\/avatar\/0ba560741629e263aaef9c6d131cfb92af65dd3c8a49f31d39b790c32fffeb23?s=96&d=mm&r=g\",\"contentUrl\":\"https:\/\/secure.gravatar.com\/avatar\/0ba560741629e263aaef9c6d131cfb92af65dd3c8a49f31d39b790c32fffeb23?s=96&d=mm&r=g\",\"caption\":\"peret\"},\"logo\":{\"@id\":\"https:\/\/insachenhaut.de\/home\/#\/schema\/person\/image\/\"}}]}<\/script>\n<!-- \/ Yoast SEO plugin. -->","yoast_head_json":{"title":"Nadelepilation\/Elektroepilation - Insachenhaut.de","robots":{"index":"index","follow":"follow","max-snippet":"max-snippet:-1","max-image-preview":"max-image-preview:large","max-video-preview":"max-video-preview:-1"},"canonical":"https:\/\/insachenhaut.de\/home\/nadelepilation\/","og_locale":"de_DE","og_type":"article","og_title":"Nadelepilation\/Elektroepilation - Insachenhaut.de","og_description":"&nbsp; Nadelepilation\/Elektroepilation Unter Epilation versteht man das Verfahren zur Entfernung von K\u00f6rperhaaren, wobei das Haar mitsamt der Haarwurzel entfernt wird. Eine Haard\u00fcnne Sonde wird in der Haarkanal eingef\u00fchrt und gibt einen schwachen Stromimpuls ab. Damit wird die Haarwurzel ver\u00f6det und das behandelte Haar kann ganz leicht herausgezogen werden. An dieser Stelle bildet sich kein neues &hellip; \u201eNadelepilation\/Elektroepilation\u201c weiterlesen","og_url":"https:\/\/insachenhaut.de\/home\/nadelepilation\/","og_site_name":"Insachenhaut.de","article_modified_time":"2018-09-03T08:24:07+00:00","twitter_card":"summary_large_image","twitter_misc":{"Gesch\u00e4tzte Lesezeit":"2\u00a0Minuten"},"schema":{"@context":"https:\/\/schema.org","@graph":[{"@type":"WebPage","@id":"https:\/\/insachenhaut.de\/home\/nadelepilation\/","url":"https:\/\/insachenhaut.de\/home\/nadelepilation\/","name":"Nadelepilation\/Elektroepilation - Insachenhaut.de","isPartOf":{"@id":"https:\/\/insachenhaut.de\/home\/#website"},"datePublished":"2017-07-15T06:31:04+00:00","dateModified":"2018-09-03T08:24:07+00:00","breadcrumb":{"@id":"https:\/\/insachenhaut.de\/home\/nadelepilation\/#breadcrumb"},"inLanguage":"de","potentialAction":[{"@type":"ReadAction","target":["https:\/\/insachenhaut.de\/home\/nadelepilation\/"]}]},{"@type":"BreadcrumbList","@id":"https:\/\/insachenhaut.de\/home\/nadelepilation\/#breadcrumb","itemListElement":[{"@type":"ListItem","position":1,"name":"Startseite","item":"https:\/\/insachenhaut.de\/home\/"},{"@type":"ListItem","position":2,"name":"Nadelepilation\/Elektroepilation"}]},{"@type":"WebSite","@id":"https:\/\/insachenhaut.de\/home\/#website","url":"https:\/\/insachenhaut.de\/home\/","name":"In-Sachen-Haut","description":"K\u00f6rperpflege Gesichtspflege,-behandlung Hautpflege","publisher":{"@id":"https:\/\/insachenhaut.de\/home\/#\/schema\/person\/a54e376041ba27256e94d9d15e106c16"},"potentialAction":[{"@type":"SearchAction","target":{"@type":"EntryPoint","urlTemplate":"https:\/\/insachenhaut.de\/home\/?s={search_term_string}"},"query-input":"required name=search_term_string"}],"inLanguage":"de"},{"@type":["Person","Organization"],"@id":"https:\/\/insachenhaut.de\/home\/#\/schema\/person\/a54e376041ba27256e94d9d15e106c16","name":"peret","image":{"@type":"ImageObject","inLanguage":"de","@id":"https:\/\/insachenhaut.de\/home\/#\/schema\/person\/image\/","url":"https:\/\/secure.gravatar.com\/avatar\/0ba560741629e263aaef9c6d131cfb92af65dd3c8a49f31d39b790c32fffeb23?s=96&d=mm&r=g","contentUrl":"https:\/\/secure.gravatar.com\/avatar\/0ba560741629e263aaef9c6d131cfb92af65dd3c8a49f31d39b790c32fffeb23?s=96&d=mm&r=g","caption":"peret"},"logo":{"@id":"https:\/\/insachenhaut.de\/home\/#\/schema\/person\/image\/"}}]}},"_links":{"self":[{"href":"https:\/\/insachenhaut.de\/home\/wp-json\/wp\/v2\/pages\/165","targetHints":{"allow":["GET"]}}],"collection":[{"href":"https:\/\/insachenhaut.de\/home\/wp-json\/wp\/v2\/pages"}],"about":[{"href":"https:\/\/insachenhaut.de\/home\/wp-json\/wp\/v2\/types\/page"}],"author":[{"embeddable":true,"href":"https:\/\/insachenhaut.de\/home\/wp-json\/wp\/v2\/users\/1"}],"replies":[{"embeddable":true,"href":"https:\/\/insachenhaut.de\/home\/wp-json\/wp\/v2\/comments?post=165"}],"version-history":[{"count":13,"href":"https:\/\/insachenhaut.de\/home\/wp-json\/wp\/v2\/pages\/165\/revisions"}],"predecessor-version":[{"id":423,"href":"https:\/\/insachenhaut.de\/home\/wp-json\/wp\/v2\/pages\/165\/revisions\/423"}],"wp:attachment":[{"href":"https:\/\/insachenhaut.de\/home\/wp-json\/wp\/v2\/media?parent=165"}],"curies":[{"name":"wp","href":"https:\/\/api.w.org\/{rel}","templated":true}]}}