{"id":1471,"date":"2020-11-12T15:34:56","date_gmt":"2020-11-12T15:34:56","guid":{"rendered":"http:\/\/insachenhaut.de\/?page_id=1471"},"modified":"2022-07-31T12:24:56","modified_gmt":"2022-07-31T12:24:56","slug":"dauerhafte-haarentfernung-nadelepilation","status":"publish","type":"page","link":"https:\/\/insachenhaut.de\/home\/dauerhafte-haarentfernung-nadelepilation\/","title":{"rendered":"Dauerhafte Haarentfernung Nadelepilation"},"content":{"rendered":"\t\t<div data-elementor-type=\"wp-page\" data-elementor-id=\"1471\" class=\"elementor elementor-1471\">\n\t\t\t\t\t\t\t\t\t<section class=\"elementor-section elementor-top-section elementor-element elementor-element-171b2ae6 elementor-section-boxed elementor-section-height-default elementor-section-height-default\" data-id=\"171b2ae6\" data-element_type=\"section\">\n\t\t\t\t\t\t<div class=\"elementor-container elementor-column-gap-default\">\n\t\t\t\t\t<div class=\"elementor-column elementor-col-100 elementor-top-column elementor-element elementor-element-1dc61900\" data-id=\"1dc61900\" data-element_type=\"column\">\n\t\t\t<div class=\"elementor-widget-wrap elementor-element-populated\">\n\t\t\t\t\t\t\t\t<div class=\"elementor-element elementor-element-7fabe07d elementor-widget elementor-widget-text-editor\" data-id=\"7fabe07d\" data-element_type=\"widget\" data-widget_type=\"text-editor.default\">\n\t\t\t\t<div class=\"elementor-widget-container\">\n\t\t\t\t\t\t\t<p><!-- wp:paragraph --><\/p>\n<p>Unter Epilation versteht man das Verfahren zur entfernung von K\u00f6rperhaaren, wobei das Haar mitsamt der Haarwurzel entfernt wird.<\/p>\n<p><!-- \/wp:paragraph --><\/p>\n<p><!-- wp:paragraph --><\/p>\n<p>Eine haard\u00fcnne Sonde wird in dem Haarkanal eingef\u00fchrt und gibt einen schwachen Stromimpuls ab. Damit wird die Haarwurzel ver\u00f6det und das behandelnde Haar kann ganz leicht herausgezogen werden. An dieser Stelle bildet sich kein neues Haar. Die durch die Behandlung entstandene R\u00f6tung klingt nach ein paar Tagen ab.<\/p>\n<p>Diese Methode eignet sich f\u00fcr jeden Haartyp und kann an fast allen K\u00f6rperstellen durchgef\u00fchrt werden.<\/p>\n<p>Da nicht alle Haare schon bei der ersten Behandlung ver\u00f6det &#8220;getroffen&#8221; werden, muss der Eingriff 2-3 mal wiederholt werden.<\/p>\n<p><\/p>\n<p>60 Min. &nbsp;&nbsp;&nbsp;&nbsp;&nbsp;&nbsp;&nbsp; 100,- \u20ac<\/p>\n<p>30 Min.&nbsp;&nbsp;&nbsp;&nbsp;&nbsp;&nbsp;&nbsp;&nbsp; 50,- \u20ac<\/p>\n<p><!-- \/wp:paragraph --><\/p>\t\t\t\t\t\t<\/div>\n\t\t\t\t<\/div>\n\t\t\t\t\t<\/div>\n\t\t<\/div>\n\t\t\t\t\t\t\t<\/div>\n\t\t<\/section>\n\t\t\t\t<section class=\"elementor-section elementor-top-section elementor-element elementor-element-151e3aa elementor-section-boxed elementor-section-height-default elementor-section-height-default\" data-id=\"151e3aa\" data-element_type=\"section\">\n\t\t\t\t\t\t<div class=\"elementor-container elementor-column-gap-default\">\n\t\t\t\t\t<div class=\"elementor-column elementor-col-100 elementor-top-column elementor-element elementor-element-bcd2e03\" data-id=\"bcd2e03\" data-element_type=\"column\">\n\t\t\t<div class=\"elementor-widget-wrap elementor-element-populated\">\n\t\t\t\t\t\t\t\t<div class=\"elementor-element elementor-element-4d7d41f elementor-widget elementor-widget-video\" data-id=\"4d7d41f\" data-element_type=\"widget\" data-settings=\"{&quot;video_type&quot;:&quot;hosted&quot;,&quot;controls&quot;:&quot;yes&quot;}\" data-widget_type=\"video.default\">\n\t\t\t\t<div class=\"elementor-widget-container\">\n\t\t\t\t\t<div class=\"e-hosted-video elementor-wrapper elementor-open-inline\">\n\t\t\t\t\t<video class=\"elementor-video\" src=\"http:\/\/insachenhaut.de\/wp-content\/uploads\/2018\/08\/00079_x264.mp4\" controls=\"\" preload=\"metadata\" controlsList=\"nodownload\"><\/video>\n\t\t\t\t<\/div>\n\t\t\t\t<\/div>\n\t\t\t\t<\/div>\n\t\t\t\t\t<\/div>\n\t\t<\/div>\n\t\t\t\t\t\t\t<\/div>\n\t\t<\/section>\n\t\t\t\t<section class=\"elementor-section elementor-top-section elementor-element elementor-element-ba7c391 elementor-section-boxed elementor-section-height-default elementor-section-height-default\" data-id=\"ba7c391\" data-element_type=\"section\">\n\t\t\t\t\t\t<div class=\"elementor-container elementor-column-gap-default\">\n\t\t\t\t\t<div class=\"elementor-column elementor-col-100 elementor-top-column elementor-element elementor-element-f04787a\" data-id=\"f04787a\" data-element_type=\"column\">\n\t\t\t<div class=\"elementor-widget-wrap elementor-element-populated\">\n\t\t\t\t\t\t\t\t<div class=\"elementor-element elementor-element-acb7ac3 elementor-widget elementor-widget-video\" data-id=\"acb7ac3\" data-element_type=\"widget\" data-settings=\"{&quot;video_type&quot;:&quot;hosted&quot;,&quot;controls&quot;:&quot;yes&quot;}\" data-widget_type=\"video.default\">\n\t\t\t\t<div class=\"elementor-widget-container\">\n\t\t\t\t\t<div class=\"e-hosted-video elementor-wrapper elementor-open-inline\">\n\t\t\t\t\t<video class=\"elementor-video\" src=\"http:\/\/insachenhaut.de\/wp-content\/uploads\/2018\/08\/00081_x264.mp4\" controls=\"\" preload=\"metadata\" controlsList=\"nodownload\"><\/video>\n\t\t\t\t<\/div>\n\t\t\t\t<\/div>\n\t\t\t\t<\/div>\n\t\t\t\t\t<\/div>\n\t\t<\/div>\n\t\t\t\t\t\t\t<\/div>\n\t\t<\/section>\n\t\t\t\t\t\t\t<\/div>\n\t\t","protected":false},"excerpt":{"rendered":"<p>Unter Epilation versteht man das Verfahren zur entfernung von K\u00f6rperhaaren, wobei das Haar mitsamt der Haarwurzel entfernt wird. Eine haard\u00fcnne Sonde wird in dem Haarkanal eingef\u00fchrt und gibt einen schwachen Stromimpuls ab. Damit wird die Haarwurzel ver\u00f6det und das behandelnde Haar kann ganz leicht herausgezogen werden. An dieser Stelle bildet sich kein neues Haar. Die &hellip; <\/p>\n<p class=\"link-more\"><a href=\"https:\/\/insachenhaut.de\/home\/dauerhafte-haarentfernung-nadelepilation\/\" class=\"more-link\"><span class=\"screen-reader-text\">\u201eDauerhafte Haarentfernung Nadelepilation\u201c<\/span> weiterlesen<\/a><\/p>\n","protected":false},"author":1,"featured_media":0,"parent":0,"menu_order":0,"comment_status":"closed","ping_status":"closed","template":"","meta":{"ngg_post_thumbnail":0,"footnotes":""},"class_list":["post-1471","page","type-page","status-publish","hentry"],"yoast_head":"<!-- This site is optimized with the Yoast SEO plugin v21.9.1 - https:\/\/yoast.com\/wordpress\/plugins\/seo\/ -->\n<title>Dauerhafte Haarentfernung Nadelepilation - Insachenhaut.de<\/title>\n<meta name=\"robots\" content=\"index, follow, max-snippet:-1, max-image-preview:large, max-video-preview:-1\" \/>\n<link rel=\"canonical\" href=\"https:\/\/insachenhaut.de\/home\/dauerhafte-haarentfernung-nadelepilation\/\" \/>\n<meta property=\"og:locale\" content=\"de_DE\" \/>\n<meta property=\"og:type\" content=\"article\" \/>\n<meta property=\"og:title\" content=\"Dauerhafte Haarentfernung Nadelepilation - Insachenhaut.de\" \/>\n<meta property=\"og:description\" content=\"Unter Epilation versteht man das Verfahren zur entfernung von K\u00f6rperhaaren, wobei das Haar mitsamt der Haarwurzel entfernt wird. Eine haard\u00fcnne Sonde wird in dem Haarkanal eingef\u00fchrt und gibt einen schwachen Stromimpuls ab. Damit wird die Haarwurzel ver\u00f6det und das behandelnde Haar kann ganz leicht herausgezogen werden. An dieser Stelle bildet sich kein neues Haar. Die &hellip; \u201eDauerhafte Haarentfernung Nadelepilation\u201c weiterlesen\" \/>\n<meta property=\"og:url\" content=\"https:\/\/insachenhaut.de\/home\/dauerhafte-haarentfernung-nadelepilation\/\" \/>\n<meta property=\"og:site_name\" content=\"Insachenhaut.de\" \/>\n<meta property=\"article:modified_time\" content=\"2022-07-31T12:24:56+00:00\" \/>\n<meta name=\"twitter:card\" content=\"summary_large_image\" \/>\n<meta name=\"twitter:label1\" content=\"Gesch\u00e4tzte Lesezeit\" \/>\n\t<meta name=\"twitter:data1\" content=\"1\u00a0Minute\" \/>\n<script type=\"application\/ld+json\" class=\"yoast-schema-graph\">{\"@context\":\"https:\/\/schema.org\",\"@graph\":[{\"@type\":\"WebPage\",\"@id\":\"https:\/\/insachenhaut.de\/home\/dauerhafte-haarentfernung-nadelepilation\/\",\"url\":\"https:\/\/insachenhaut.de\/home\/dauerhafte-haarentfernung-nadelepilation\/\",\"name\":\"Dauerhafte Haarentfernung Nadelepilation - Insachenhaut.de\",\"isPartOf\":{\"@id\":\"https:\/\/insachenhaut.de\/home\/#website\"},\"datePublished\":\"2020-11-12T15:34:56+00:00\",\"dateModified\":\"2022-07-31T12:24:56+00:00\",\"breadcrumb\":{\"@id\":\"https:\/\/insachenhaut.de\/home\/dauerhafte-haarentfernung-nadelepilation\/#breadcrumb\"},\"inLanguage\":\"de\",\"potentialAction\":[{\"@type\":\"ReadAction\",\"target\":[\"https:\/\/insachenhaut.de\/home\/dauerhafte-haarentfernung-nadelepilation\/\"]}]},{\"@type\":\"BreadcrumbList\",\"@id\":\"https:\/\/insachenhaut.de\/home\/dauerhafte-haarentfernung-nadelepilation\/#breadcrumb\",\"itemListElement\":[{\"@type\":\"ListItem\",\"position\":1,\"name\":\"Startseite\",\"item\":\"https:\/\/insachenhaut.de\/home\/\"},{\"@type\":\"ListItem\",\"position\":2,\"name\":\"Dauerhafte Haarentfernung Nadelepilation\"}]},{\"@type\":\"WebSite\",\"@id\":\"https:\/\/insachenhaut.de\/home\/#website\",\"url\":\"https:\/\/insachenhaut.de\/home\/\",\"name\":\"In-Sachen-Haut\",\"description\":\"K\u00f6rperpflege Gesichtspflege,-behandlung Hautpflege\",\"publisher\":{\"@id\":\"https:\/\/insachenhaut.de\/home\/#\/schema\/person\/a54e376041ba27256e94d9d15e106c16\"},\"potentialAction\":[{\"@type\":\"SearchAction\",\"target\":{\"@type\":\"EntryPoint\",\"urlTemplate\":\"https:\/\/insachenhaut.de\/home\/?s={search_term_string}\"},\"query-input\":\"required name=search_term_string\"}],\"inLanguage\":\"de\"},{\"@type\":[\"Person\",\"Organization\"],\"@id\":\"https:\/\/insachenhaut.de\/home\/#\/schema\/person\/a54e376041ba27256e94d9d15e106c16\",\"name\":\"peret\",\"image\":{\"@type\":\"ImageObject\",\"inLanguage\":\"de\",\"@id\":\"https:\/\/insachenhaut.de\/home\/#\/schema\/person\/image\/\",\"url\":\"https:\/\/secure.gravatar.com\/avatar\/0ba560741629e263aaef9c6d131cfb92af65dd3c8a49f31d39b790c32fffeb23?s=96&d=mm&r=g\",\"contentUrl\":\"https:\/\/secure.gravatar.com\/avatar\/0ba560741629e263aaef9c6d131cfb92af65dd3c8a49f31d39b790c32fffeb23?s=96&d=mm&r=g\",\"caption\":\"peret\"},\"logo\":{\"@id\":\"https:\/\/insachenhaut.de\/home\/#\/schema\/person\/image\/\"}}]}<\/script>\n<!-- \/ Yoast SEO plugin. -->","yoast_head_json":{"title":"Dauerhafte Haarentfernung Nadelepilation - Insachenhaut.de","robots":{"index":"index","follow":"follow","max-snippet":"max-snippet:-1","max-image-preview":"max-image-preview:large","max-video-preview":"max-video-preview:-1"},"canonical":"https:\/\/insachenhaut.de\/home\/dauerhafte-haarentfernung-nadelepilation\/","og_locale":"de_DE","og_type":"article","og_title":"Dauerhafte Haarentfernung Nadelepilation - Insachenhaut.de","og_description":"Unter Epilation versteht man das Verfahren zur entfernung von K\u00f6rperhaaren, wobei das Haar mitsamt der Haarwurzel entfernt wird. Eine haard\u00fcnne Sonde wird in dem Haarkanal eingef\u00fchrt und gibt einen schwachen Stromimpuls ab. Damit wird die Haarwurzel ver\u00f6det und das behandelnde Haar kann ganz leicht herausgezogen werden. An dieser Stelle bildet sich kein neues Haar. Die &hellip; \u201eDauerhafte Haarentfernung Nadelepilation\u201c weiterlesen","og_url":"https:\/\/insachenhaut.de\/home\/dauerhafte-haarentfernung-nadelepilation\/","og_site_name":"Insachenhaut.de","article_modified_time":"2022-07-31T12:24:56+00:00","twitter_card":"summary_large_image","twitter_misc":{"Gesch\u00e4tzte Lesezeit":"1\u00a0Minute"},"schema":{"@context":"https:\/\/schema.org","@graph":[{"@type":"WebPage","@id":"https:\/\/insachenhaut.de\/home\/dauerhafte-haarentfernung-nadelepilation\/","url":"https:\/\/insachenhaut.de\/home\/dauerhafte-haarentfernung-nadelepilation\/","name":"Dauerhafte Haarentfernung Nadelepilation - Insachenhaut.de","isPartOf":{"@id":"https:\/\/insachenhaut.de\/home\/#website"},"datePublished":"2020-11-12T15:34:56+00:00","dateModified":"2022-07-31T12:24:56+00:00","breadcrumb":{"@id":"https:\/\/insachenhaut.de\/home\/dauerhafte-haarentfernung-nadelepilation\/#breadcrumb"},"inLanguage":"de","potentialAction":[{"@type":"ReadAction","target":["https:\/\/insachenhaut.de\/home\/dauerhafte-haarentfernung-nadelepilation\/"]}]},{"@type":"BreadcrumbList","@id":"https:\/\/insachenhaut.de\/home\/dauerhafte-haarentfernung-nadelepilation\/#breadcrumb","itemListElement":[{"@type":"ListItem","position":1,"name":"Startseite","item":"https:\/\/insachenhaut.de\/home\/"},{"@type":"ListItem","position":2,"name":"Dauerhafte Haarentfernung Nadelepilation"}]},{"@type":"WebSite","@id":"https:\/\/insachenhaut.de\/home\/#website","url":"https:\/\/insachenhaut.de\/home\/","name":"In-Sachen-Haut","description":"K\u00f6rperpflege Gesichtspflege,-behandlung Hautpflege","publisher":{"@id":"https:\/\/insachenhaut.de\/home\/#\/schema\/person\/a54e376041ba27256e94d9d15e106c16"},"potentialAction":[{"@type":"SearchAction","target":{"@type":"EntryPoint","urlTemplate":"https:\/\/insachenhaut.de\/home\/?s={search_term_string}"},"query-input":"required name=search_term_string"}],"inLanguage":"de"},{"@type":["Person","Organization"],"@id":"https:\/\/insachenhaut.de\/home\/#\/schema\/person\/a54e376041ba27256e94d9d15e106c16","name":"peret","image":{"@type":"ImageObject","inLanguage":"de","@id":"https:\/\/insachenhaut.de\/home\/#\/schema\/person\/image\/","url":"https:\/\/secure.gravatar.com\/avatar\/0ba560741629e263aaef9c6d131cfb92af65dd3c8a49f31d39b790c32fffeb23?s=96&d=mm&r=g","contentUrl":"https:\/\/secure.gravatar.com\/avatar\/0ba560741629e263aaef9c6d131cfb92af65dd3c8a49f31d39b790c32fffeb23?s=96&d=mm&r=g","caption":"peret"},"logo":{"@id":"https:\/\/insachenhaut.de\/home\/#\/schema\/person\/image\/"}}]}},"_links":{"self":[{"href":"https:\/\/insachenhaut.de\/home\/wp-json\/wp\/v2\/pages\/1471","targetHints":{"allow":["GET"]}}],"collection":[{"href":"https:\/\/insachenhaut.de\/home\/wp-json\/wp\/v2\/pages"}],"about":[{"href":"https:\/\/insachenhaut.de\/home\/wp-json\/wp\/v2\/types\/page"}],"author":[{"embeddable":true,"href":"https:\/\/insachenhaut.de\/home\/wp-json\/wp\/v2\/users\/1"}],"replies":[{"embeddable":true,"href":"https:\/\/insachenhaut.de\/home\/wp-json\/wp\/v2\/comments?post=1471"}],"version-history":[{"count":69,"href":"https:\/\/insachenhaut.de\/home\/wp-json\/wp\/v2\/pages\/1471\/revisions"}],"predecessor-version":[{"id":2161,"href":"https:\/\/insachenhaut.de\/home\/wp-json\/wp\/v2\/pages\/1471\/revisions\/2161"}],"wp:attachment":[{"href":"https:\/\/insachenhaut.de\/home\/wp-json\/wp\/v2\/media?parent=1471"}],"curies":[{"name":"wp","href":"https:\/\/api.w.org\/{rel}","templated":true}]}}