{"id":1470,"date":"2020-11-12T15:34:56","date_gmt":"2020-11-12T15:34:56","guid":{"rendered":"http:\/\/insachenhaut.de\/?page_id=1470"},"modified":"2025-06-25T11:49:31","modified_gmt":"2025-06-25T11:49:31","slug":"dauerhafte-haarentfernung-ipl","status":"publish","type":"page","link":"https:\/\/insachenhaut.de\/home\/dauerhafte-haarentfernung-ipl\/","title":{"rendered":"Dauerhafte Haarentfernung IPL"},"content":{"rendered":"\t\t<div data-elementor-type=\"wp-page\" data-elementor-id=\"1470\" class=\"elementor elementor-1470\">\n\t\t\t\t\t\t\t\t\t<section class=\"elementor-section elementor-top-section elementor-element elementor-element-585e0fc elementor-section-boxed elementor-section-height-default elementor-section-height-default\" data-id=\"585e0fc\" data-element_type=\"section\">\n\t\t\t\t\t\t<div class=\"elementor-container elementor-column-gap-default\">\n\t\t\t\t\t<div class=\"elementor-column elementor-col-100 elementor-top-column elementor-element elementor-element-6288645\" data-id=\"6288645\" data-element_type=\"column\">\n\t\t\t<div class=\"elementor-widget-wrap elementor-element-populated\">\n\t\t\t\t\t\t\t\t<div class=\"elementor-element elementor-element-fd4ebc5 elementor-widget elementor-widget-text-editor\" data-id=\"fd4ebc5\" data-element_type=\"widget\" data-widget_type=\"text-editor.default\">\n\t\t\t\t<div class=\"elementor-widget-container\">\n\t\t\t\t\t\t\t<p><strong>100% dauerhafte Haarentfernung f\u00fcr alle<\/strong><\/p><p>Seit mehr als 135 Jahren gilt die Elektrolyse als einzige Haarentfernungsmethode, die bei allen Haar- und Hauttypen 100% dauerhaften Erfolg verspricht. Andere Verfahren wie die Laser-Epilation bieten in erster Linie eine Verringerung der Behaarung und k\u00f6nnen bei einigen Haut- und Haarfarben und in bestimmten Gesichtsregionen nicht angewendet werden. Durch Einf\u00fchrung einer d\u00fcnnen Nadel in den Haarfollikel und Anwendung von ultraschnellem Strom erm\u00f6glicht die Elektrolyse eine vollst\u00e4ndige und dauerhafte Zerst\u00f6rung der f\u00fcr das Haarwachstum verantwortlichen Zellen und sch\u00fctzt gleichzeitig die Hautoberfl\u00e4che. Ein wirksames, sehr angenehmes und sicheres Verfahren f\u00fcr alle!<\/p><p><strong>Viele Kunden, die darauf Vertrauen!<\/strong><\/p>\t\t\t\t\t\t<\/div>\n\t\t\t\t<\/div>\n\t\t\t\t\t<\/div>\n\t\t<\/div>\n\t\t\t\t\t\t\t<\/div>\n\t\t<\/section>\n\t\t\t\t<section class=\"elementor-section elementor-top-section elementor-element elementor-element-ec63799 elementor-section-boxed elementor-section-height-default elementor-section-height-default\" data-id=\"ec63799\" data-element_type=\"section\">\n\t\t\t\t\t\t<div class=\"elementor-container elementor-column-gap-default\">\n\t\t\t\t\t<div class=\"elementor-column elementor-col-100 elementor-top-column elementor-element elementor-element-27fd077\" data-id=\"27fd077\" data-element_type=\"column\">\n\t\t\t<div class=\"elementor-widget-wrap elementor-element-populated\">\n\t\t\t\t\t\t\t\t<div class=\"elementor-element elementor-element-1aa40c8 elementor-widget elementor-widget-text-editor\" data-id=\"1aa40c8\" data-element_type=\"widget\" data-widget_type=\"text-editor.default\">\n\t\t\t\t<div class=\"elementor-widget-container\">\n\t\t\t\t\t\t\t<p>Preise:<\/p><p>30,- Min\u00a0 \u00a0 \u00a0 \u00a0 \u00a0 50,- \u20ac<\/p><p>60,- Min\u00a0 \u00a0 \u00a0 \u00a0100,- \u20ac<\/p>\t\t\t\t\t\t<\/div>\n\t\t\t\t<\/div>\n\t\t\t\t\t<\/div>\n\t\t<\/div>\n\t\t\t\t\t\t\t<\/div>\n\t\t<\/section>\n\t\t\t\t<section class=\"elementor-section elementor-top-section elementor-element elementor-element-e7e01cf elementor-section-boxed elementor-section-height-default elementor-section-height-default\" data-id=\"e7e01cf\" data-element_type=\"section\">\n\t\t\t\t\t\t<div class=\"elementor-container elementor-column-gap-default\">\n\t\t\t\t\t<div class=\"elementor-column elementor-col-100 elementor-top-column elementor-element elementor-element-0a7a8c7\" data-id=\"0a7a8c7\" data-element_type=\"column\">\n\t\t\t<div class=\"elementor-widget-wrap elementor-element-populated\">\n\t\t\t\t\t\t\t\t<div class=\"elementor-element elementor-element-59f0e9f elementor-widget elementor-widget-image\" data-id=\"59f0e9f\" data-element_type=\"widget\" data-widget_type=\"image.default\">\n\t\t\t\t<div class=\"elementor-widget-container\">\n\t\t\t\t\t\t\t\t\t\t\t\t\t\t\t<img fetchpriority=\"high\" decoding=\"async\" width=\"525\" height=\"394\" src=\"https:\/\/insachenhaut.de\/wp-content\/uploads\/2025\/06\/Behandlunsbild-7.jpg\" class=\"attachment-large size-large wp-image-2476\" alt=\"\" srcset=\"https:\/\/insachenhaut.de\/wp-content\/uploads\/2025\/06\/Behandlunsbild-7.jpg 640w, https:\/\/insachenhaut.de\/wp-content\/uploads\/2025\/06\/Behandlunsbild-7-300x225.jpg 300w\" sizes=\"100vw\" \/>\t\t\t\t\t\t\t\t\t\t\t\t\t\t\t<\/div>\n\t\t\t\t<\/div>\n\t\t\t\t\t<\/div>\n\t\t<\/div>\n\t\t\t\t\t\t\t<\/div>\n\t\t<\/section>\n\t\t\t\t<section class=\"elementor-section elementor-top-section elementor-element elementor-element-8321f66 elementor-section-boxed elementor-section-height-default elementor-section-height-default\" data-id=\"8321f66\" data-element_type=\"section\">\n\t\t\t\t\t\t<div class=\"elementor-container elementor-column-gap-default\">\n\t\t\t\t\t<div class=\"elementor-column elementor-col-100 elementor-top-column elementor-element elementor-element-f40c666\" data-id=\"f40c666\" data-element_type=\"column\">\n\t\t\t<div class=\"elementor-widget-wrap elementor-element-populated\">\n\t\t\t\t\t\t\t\t<div class=\"elementor-element elementor-element-a402176 elementor-widget elementor-widget-image\" data-id=\"a402176\" data-element_type=\"widget\" data-widget_type=\"image.default\">\n\t\t\t\t<div class=\"elementor-widget-container\">\n\t\t\t\t\t\t\t\t\t\t\t\t\t\t\t<img decoding=\"async\" width=\"525\" height=\"349\" src=\"https:\/\/insachenhaut.de\/wp-content\/uploads\/2017\/06\/5960302_l-1024x681.jpg\" class=\"attachment-large size-large wp-image-29\" alt=\"\" srcset=\"https:\/\/insachenhaut.de\/wp-content\/uploads\/2017\/06\/5960302_l-1024x681.jpg 1024w, https:\/\/insachenhaut.de\/wp-content\/uploads\/2017\/06\/5960302_l-e1497524932463-600x399.jpg 600w, https:\/\/insachenhaut.de\/wp-content\/uploads\/2017\/06\/5960302_l-300x200.jpg 300w, https:\/\/insachenhaut.de\/wp-content\/uploads\/2017\/06\/5960302_l-768x511.jpg 768w, https:\/\/insachenhaut.de\/wp-content\/uploads\/2017\/06\/5960302_l-e1497524932463.jpg 2000w\" sizes=\"100vw\" \/>\t\t\t\t\t\t\t\t\t\t\t\t\t\t\t<\/div>\n\t\t\t\t<\/div>\n\t\t\t\t\t<\/div>\n\t\t<\/div>\n\t\t\t\t\t\t\t<\/div>\n\t\t<\/section>\n\t\t\t\t<section class=\"elementor-section elementor-top-section elementor-element elementor-element-2d0995c elementor-section-boxed elementor-section-height-default elementor-section-height-default\" data-id=\"2d0995c\" data-element_type=\"section\">\n\t\t\t\t\t\t<div class=\"elementor-container elementor-column-gap-default\">\n\t\t\t\t\t<div class=\"elementor-column elementor-col-100 elementor-top-column elementor-element elementor-element-9414eca\" data-id=\"9414eca\" data-element_type=\"column\">\n\t\t\t<div class=\"elementor-widget-wrap elementor-element-populated\">\n\t\t\t\t\t\t\t\t<div class=\"elementor-element elementor-element-451c850 elementor-widget elementor-widget-text-editor\" data-id=\"451c850\" data-element_type=\"widget\" data-widget_type=\"text-editor.default\">\n\t\t\t\t<div class=\"elementor-widget-container\">\n\t\t\t\t\t\t\t\t\t\t\t\t\t<\/div>\n\t\t\t\t<\/div>\n\t\t\t\t\t<\/div>\n\t\t<\/div>\n\t\t\t\t\t\t\t<\/div>\n\t\t<\/section>\n\t\t\t\t\t\t\t<\/div>\n\t\t","protected":false},"excerpt":{"rendered":"<p>100% dauerhafte Haarentfernung f\u00fcr alle Seit mehr als 135 Jahren gilt die Elektrolyse als einzige Haarentfernungsmethode, die bei allen Haar- und Hauttypen 100% dauerhaften Erfolg verspricht. Andere Verfahren wie die Laser-Epilation bieten in erster Linie eine Verringerung der Behaarung und k\u00f6nnen bei einigen Haut- und Haarfarben und in bestimmten Gesichtsregionen nicht angewendet werden. Durch Einf\u00fchrung &hellip; <\/p>\n<p class=\"link-more\"><a href=\"https:\/\/insachenhaut.de\/home\/dauerhafte-haarentfernung-ipl\/\" class=\"more-link\"><span class=\"screen-reader-text\">\u201eDauerhafte Haarentfernung IPL\u201c<\/span> weiterlesen<\/a><\/p>\n","protected":false},"author":1,"featured_media":0,"parent":0,"menu_order":0,"comment_status":"closed","ping_status":"closed","template":"","meta":{"ngg_post_thumbnail":0,"footnotes":""},"class_list":["post-1470","page","type-page","status-publish","hentry"],"yoast_head":"<!-- This site is optimized with the Yoast SEO plugin v21.9.1 - https:\/\/yoast.com\/wordpress\/plugins\/seo\/ -->\n<title>Dauerhafte Haarentfernung IPL - Insachenhaut.de<\/title>\n<meta name=\"robots\" content=\"index, follow, max-snippet:-1, max-image-preview:large, max-video-preview:-1\" \/>\n<link rel=\"canonical\" href=\"https:\/\/insachenhaut.de\/home\/dauerhafte-haarentfernung-ipl\/\" \/>\n<meta property=\"og:locale\" content=\"de_DE\" \/>\n<meta property=\"og:type\" content=\"article\" \/>\n<meta property=\"og:title\" content=\"Dauerhafte Haarentfernung IPL - Insachenhaut.de\" \/>\n<meta property=\"og:description\" content=\"100% dauerhafte Haarentfernung f\u00fcr alle Seit mehr als 135 Jahren gilt die Elektrolyse als einzige Haarentfernungsmethode, die bei allen Haar- und Hauttypen 100% dauerhaften Erfolg verspricht. Andere Verfahren wie die Laser-Epilation bieten in erster Linie eine Verringerung der Behaarung und k\u00f6nnen bei einigen Haut- und Haarfarben und in bestimmten Gesichtsregionen nicht angewendet werden. Durch Einf\u00fchrung &hellip; \u201eDauerhafte Haarentfernung IPL\u201c weiterlesen\" \/>\n<meta property=\"og:url\" content=\"https:\/\/insachenhaut.de\/home\/dauerhafte-haarentfernung-ipl\/\" \/>\n<meta property=\"og:site_name\" content=\"Insachenhaut.de\" \/>\n<meta property=\"article:modified_time\" content=\"2025-06-25T11:49:31+00:00\" \/>\n<meta property=\"og:image\" content=\"https:\/\/insachenhaut.de\/wp-content\/uploads\/2025\/06\/Behandlunsbild-7.jpg\" \/>\n<meta name=\"twitter:card\" content=\"summary_large_image\" \/>\n<meta name=\"twitter:label1\" content=\"Gesch\u00e4tzte Lesezeit\" \/>\n\t<meta name=\"twitter:data1\" content=\"2\u00a0Minuten\" \/>\n<script type=\"application\/ld+json\" class=\"yoast-schema-graph\">{\"@context\":\"https:\/\/schema.org\",\"@graph\":[{\"@type\":\"WebPage\",\"@id\":\"https:\/\/insachenhaut.de\/home\/dauerhafte-haarentfernung-ipl\/\",\"url\":\"https:\/\/insachenhaut.de\/home\/dauerhafte-haarentfernung-ipl\/\",\"name\":\"Dauerhafte Haarentfernung IPL - Insachenhaut.de\",\"isPartOf\":{\"@id\":\"https:\/\/insachenhaut.de\/home\/#website\"},\"datePublished\":\"2020-11-12T15:34:56+00:00\",\"dateModified\":\"2025-06-25T11:49:31+00:00\",\"breadcrumb\":{\"@id\":\"https:\/\/insachenhaut.de\/home\/dauerhafte-haarentfernung-ipl\/#breadcrumb\"},\"inLanguage\":\"de\",\"potentialAction\":[{\"@type\":\"ReadAction\",\"target\":[\"https:\/\/insachenhaut.de\/home\/dauerhafte-haarentfernung-ipl\/\"]}]},{\"@type\":\"BreadcrumbList\",\"@id\":\"https:\/\/insachenhaut.de\/home\/dauerhafte-haarentfernung-ipl\/#breadcrumb\",\"itemListElement\":[{\"@type\":\"ListItem\",\"position\":1,\"name\":\"Startseite\",\"item\":\"https:\/\/insachenhaut.de\/home\/\"},{\"@type\":\"ListItem\",\"position\":2,\"name\":\"Dauerhafte Haarentfernung IPL\"}]},{\"@type\":\"WebSite\",\"@id\":\"https:\/\/insachenhaut.de\/home\/#website\",\"url\":\"https:\/\/insachenhaut.de\/home\/\",\"name\":\"In-Sachen-Haut\",\"description\":\"K\u00f6rperpflege Gesichtspflege,-behandlung Hautpflege\",\"publisher\":{\"@id\":\"https:\/\/insachenhaut.de\/home\/#\/schema\/person\/a54e376041ba27256e94d9d15e106c16\"},\"potentialAction\":[{\"@type\":\"SearchAction\",\"target\":{\"@type\":\"EntryPoint\",\"urlTemplate\":\"https:\/\/insachenhaut.de\/home\/?s={search_term_string}\"},\"query-input\":\"required name=search_term_string\"}],\"inLanguage\":\"de\"},{\"@type\":[\"Person\",\"Organization\"],\"@id\":\"https:\/\/insachenhaut.de\/home\/#\/schema\/person\/a54e376041ba27256e94d9d15e106c16\",\"name\":\"peret\",\"image\":{\"@type\":\"ImageObject\",\"inLanguage\":\"de\",\"@id\":\"https:\/\/insachenhaut.de\/home\/#\/schema\/person\/image\/\",\"url\":\"https:\/\/secure.gravatar.com\/avatar\/0ba560741629e263aaef9c6d131cfb92af65dd3c8a49f31d39b790c32fffeb23?s=96&d=mm&r=g\",\"contentUrl\":\"https:\/\/secure.gravatar.com\/avatar\/0ba560741629e263aaef9c6d131cfb92af65dd3c8a49f31d39b790c32fffeb23?s=96&d=mm&r=g\",\"caption\":\"peret\"},\"logo\":{\"@id\":\"https:\/\/insachenhaut.de\/home\/#\/schema\/person\/image\/\"}}]}<\/script>\n<!-- \/ Yoast SEO plugin. -->","yoast_head_json":{"title":"Dauerhafte Haarentfernung IPL - Insachenhaut.de","robots":{"index":"index","follow":"follow","max-snippet":"max-snippet:-1","max-image-preview":"max-image-preview:large","max-video-preview":"max-video-preview:-1"},"canonical":"https:\/\/insachenhaut.de\/home\/dauerhafte-haarentfernung-ipl\/","og_locale":"de_DE","og_type":"article","og_title":"Dauerhafte Haarentfernung IPL - Insachenhaut.de","og_description":"100% dauerhafte Haarentfernung f\u00fcr alle Seit mehr als 135 Jahren gilt die Elektrolyse als einzige Haarentfernungsmethode, die bei allen Haar- und Hauttypen 100% dauerhaften Erfolg verspricht. Andere Verfahren wie die Laser-Epilation bieten in erster Linie eine Verringerung der Behaarung und k\u00f6nnen bei einigen Haut- und Haarfarben und in bestimmten Gesichtsregionen nicht angewendet werden. Durch Einf\u00fchrung &hellip; \u201eDauerhafte Haarentfernung IPL\u201c weiterlesen","og_url":"https:\/\/insachenhaut.de\/home\/dauerhafte-haarentfernung-ipl\/","og_site_name":"Insachenhaut.de","article_modified_time":"2025-06-25T11:49:31+00:00","og_image":[{"url":"https:\/\/insachenhaut.de\/wp-content\/uploads\/2025\/06\/Behandlunsbild-7.jpg"}],"twitter_card":"summary_large_image","twitter_misc":{"Gesch\u00e4tzte Lesezeit":"2\u00a0Minuten"},"schema":{"@context":"https:\/\/schema.org","@graph":[{"@type":"WebPage","@id":"https:\/\/insachenhaut.de\/home\/dauerhafte-haarentfernung-ipl\/","url":"https:\/\/insachenhaut.de\/home\/dauerhafte-haarentfernung-ipl\/","name":"Dauerhafte Haarentfernung IPL - Insachenhaut.de","isPartOf":{"@id":"https:\/\/insachenhaut.de\/home\/#website"},"datePublished":"2020-11-12T15:34:56+00:00","dateModified":"2025-06-25T11:49:31+00:00","breadcrumb":{"@id":"https:\/\/insachenhaut.de\/home\/dauerhafte-haarentfernung-ipl\/#breadcrumb"},"inLanguage":"de","potentialAction":[{"@type":"ReadAction","target":["https:\/\/insachenhaut.de\/home\/dauerhafte-haarentfernung-ipl\/"]}]},{"@type":"BreadcrumbList","@id":"https:\/\/insachenhaut.de\/home\/dauerhafte-haarentfernung-ipl\/#breadcrumb","itemListElement":[{"@type":"ListItem","position":1,"name":"Startseite","item":"https:\/\/insachenhaut.de\/home\/"},{"@type":"ListItem","position":2,"name":"Dauerhafte Haarentfernung IPL"}]},{"@type":"WebSite","@id":"https:\/\/insachenhaut.de\/home\/#website","url":"https:\/\/insachenhaut.de\/home\/","name":"In-Sachen-Haut","description":"K\u00f6rperpflege Gesichtspflege,-behandlung Hautpflege","publisher":{"@id":"https:\/\/insachenhaut.de\/home\/#\/schema\/person\/a54e376041ba27256e94d9d15e106c16"},"potentialAction":[{"@type":"SearchAction","target":{"@type":"EntryPoint","urlTemplate":"https:\/\/insachenhaut.de\/home\/?s={search_term_string}"},"query-input":"required name=search_term_string"}],"inLanguage":"de"},{"@type":["Person","Organization"],"@id":"https:\/\/insachenhaut.de\/home\/#\/schema\/person\/a54e376041ba27256e94d9d15e106c16","name":"peret","image":{"@type":"ImageObject","inLanguage":"de","@id":"https:\/\/insachenhaut.de\/home\/#\/schema\/person\/image\/","url":"https:\/\/secure.gravatar.com\/avatar\/0ba560741629e263aaef9c6d131cfb92af65dd3c8a49f31d39b790c32fffeb23?s=96&d=mm&r=g","contentUrl":"https:\/\/secure.gravatar.com\/avatar\/0ba560741629e263aaef9c6d131cfb92af65dd3c8a49f31d39b790c32fffeb23?s=96&d=mm&r=g","caption":"peret"},"logo":{"@id":"https:\/\/insachenhaut.de\/home\/#\/schema\/person\/image\/"}}]}},"_links":{"self":[{"href":"https:\/\/insachenhaut.de\/home\/wp-json\/wp\/v2\/pages\/1470","targetHints":{"allow":["GET"]}}],"collection":[{"href":"https:\/\/insachenhaut.de\/home\/wp-json\/wp\/v2\/pages"}],"about":[{"href":"https:\/\/insachenhaut.de\/home\/wp-json\/wp\/v2\/types\/page"}],"author":[{"embeddable":true,"href":"https:\/\/insachenhaut.de\/home\/wp-json\/wp\/v2\/users\/1"}],"replies":[{"embeddable":true,"href":"https:\/\/insachenhaut.de\/home\/wp-json\/wp\/v2\/comments?post=1470"}],"version-history":[{"count":38,"href":"https:\/\/insachenhaut.de\/home\/wp-json\/wp\/v2\/pages\/1470\/revisions"}],"predecessor-version":[{"id":2498,"href":"https:\/\/insachenhaut.de\/home\/wp-json\/wp\/v2\/pages\/1470\/revisions\/2498"}],"wp:attachment":[{"href":"https:\/\/insachenhaut.de\/home\/wp-json\/wp\/v2\/media?parent=1470"}],"curies":[{"name":"wp","href":"https:\/\/api.w.org\/{rel}","templated":true}]}}